{"id":8413,"date":"2019-12-10T11:36:50","date_gmt":"2019-12-10T10:36:50","guid":{"rendered":"http:\/\/www.lum.it\/orientamento\/studenti-iscritti\/"},"modified":"2024-10-31T14:50:06","modified_gmt":"2024-10-31T13:50:06","slug":"studenti-iscritti","status":"publish","type":"page","link":"https:\/\/www.lum.it\/en\/orientamento\/studenti-iscritti\/","title":{"rendered":"Studenti iscritti"},"content":{"rendered":"<p style=\"text-align: justify;\">L&#8217;Ufficio Orientamento si pone come supporto allo studente affiancandolo in tutto il percorso accademico. In particolare, in questa sezione l&#8217;Ufficio Orientamento LUM offre agli studenti LUM una panoramica sui numerosi servizi offerti.<\/p>\n<p style=\"text-align: justify;\"><strong>Monitoraggio e supporto dello studente LUM durante la fase di transizione dalla scuola superiore all&#8217;Universit\u00e0<\/strong><\/p>\n<p style=\"text-align: justify;\">Particolare attenzione \u00e8 riservata alle matricole che per la prima volta iniziano un percorso di studi universitario. L&#8217;Ufficio Orientamento \u00e8 sempre a disposizione dello studente per ogni tipo su supporto e confronto.<\/p>\n<p style=\"text-align: justify;\"><strong>Supporto nell\u2019organizzazione dello studio durante il percorso universitario<\/strong><\/p>\n<p style=\"text-align: justify;\">Studiare tanto, a volte, non \u00e8 sufficiente per ottenere brillanti risultati. Una precisa organizzazione dello studio, unita ai molteplici strumenti di confronto con studenti e docenti, permette il raggiungimento degli obiettivi in tempi certi e con grandi soddisfazioni. Questo servizio \u00e8 di assoluta importanza per i numerosi studenti che scelgono l&#8217;Universit\u00e0 LUM, provenendo da altre realt\u00e0 universitarie. L&#8217;Universit\u00e0 LUM offre questo servizio unico nel suo genere nel panorama universitario per qualit\u00e0 ed efficienza.<\/p>\n<p style=\"text-align: justify;\"><strong>Monitoraggio dei progressi degli studenti attraverso progetto \u201cMentore\u201d<\/strong><\/p>\n<p style=\"text-align: justify;\">Al termine del primo anno di corso, tutti gli studenti vengono sottoposti ad un questionario su base volontaria, volto all&#8217;individuazione di potenziali criticit\u00e0. L&#8217;Ufficio Orientamento si avvale, attraverso il progetto &#8220;Mentore&#8221;, del supporto di studenti che si sono distinti per le loro capacit\u00e0 e che si dimostrano, al tempo stesso, abili nel trasmettere le proprie conoscenze attraverso consigli e direttive al fine di raggiungere l&#8217;obiettivo prefissato.<\/p>\n<p style=\"text-align: justify;\"><strong>\u00a0Organizzazione e monitoraggio del servizio \u201cTutor studenti lavoratori\u201d<\/strong><\/p>\n<p style=\"text-align: justify;\">Il servizio di &#8220;tutor per studenti lavoratori&#8221; si occupa di fornire supporto agli studenti lavoratori, diventando un punto di riferimento durante tutto il percorso universitario, aiutandoli nell&#8217;organizzazione dello studio, nell&#8217;interazione con i docenti e nell&#8217;approccio con gli esami.<\/p>\n<p style=\"text-align: justify;\">Per maggiori informazioni clicca <strong><a href=\"https:\/\/www.lum.it\/en\/mentors-for-working-students\/\">qui<\/a><\/strong><\/p>\n<p style=\"text-align: justify;\"><strong>Organizzazione e diffusione di corsi per l&#8217;acquisizione di competenze trasversali e tecniche attraverso il progetto LUM Life Skills\u00a0<\/strong><\/p>\n","protected":false},"excerpt":{"rendered":"<p>L&#8217;Ufficio Orientamento si pone come supporto allo studente affiancandolo in tutto il percorso accademico. In particolare, in questa sezione l&#8217;Ufficio Orientamento LUM offre agli studenti LUM una panoramica sui numerosi servizi offerti. Monitoraggio e supporto dello studente LUM durante la fase di transizione dalla scuola superiore all&#8217;Universit\u00e0 Particolare attenzione \u00e8 riservata alle matricole che per [&hellip;]<\/p>\n","protected":false},"author":6,"featured_media":8415,"parent":8411,"menu_order":593,"comment_status":"closed","ping_status":"closed","template":"template-studenti-iscritti.php","meta":{"_acf_changed":false,"footnotes":""},"class_list":["post-8413","page","type-page","status-publish","has-post-thumbnail","hentry"],"acf":[],"yoast_head":"<!-- This site is optimized with the Yoast SEO Premium plugin v22.9 (Yoast SEO v27.3) - https:\/\/yoast.com\/product\/yoast-seo-premium-wordpress\/ -->\n<title>Studenti iscritti - LUM<\/title>\n<meta name=\"robots\" content=\"index, follow, max-snippet:-1, max-image-preview:large, max-video-preview:-1\" \/>\n<link rel=\"canonical\" href=\"https:\/\/www.lum.it\/en\/orientamento\/studenti-iscritti\/\" \/>\n<meta property=\"og:locale\" content=\"en_US\" \/>\n<meta property=\"og:type\" content=\"article\" \/>\n<meta property=\"og:title\" content=\"Studenti iscritti\" \/>\n<meta property=\"og:description\" content=\"L&#8217;Ufficio Orientamento si pone come supporto allo studente affiancandolo in tutto il percorso accademico. In particolare, in questa sezione l&#8217;Ufficio Orientamento LUM offre agli studenti LUM una panoramica sui numerosi servizi offerti. Monitoraggio e supporto dello studente LUM durante la fase di transizione dalla scuola superiore all&#8217;Universit\u00e0 Particolare attenzione \u00e8 riservata alle matricole che per [&hellip;]\" \/>\n<meta property=\"og:url\" content=\"https:\/\/www.lum.it\/en\/orientamento\/studenti-iscritti\/\" \/>\n<meta property=\"og:site_name\" content=\"LUM\" \/>\n<meta property=\"article:publisher\" content=\"https:\/\/www.facebook.com\/uni.lumjm\/\" \/>\n<meta property=\"article:modified_time\" content=\"2024-10-31T13:50:06+00:00\" \/>\n<meta property=\"og:image\" content=\"https:\/\/www.lum.it\/wp-content\/uploads\/2020\/01\/studenti-iscritti.png\" \/>\n\t<meta property=\"og:image:width\" content=\"63\" \/>\n\t<meta property=\"og:image:height\" content=\"69\" \/>\n\t<meta property=\"og:image:type\" content=\"image\/png\" \/>\n<meta name=\"twitter:card\" content=\"summary_large_image\" \/>\n<meta name=\"twitter:label1\" content=\"Est. reading time\" \/>\n\t<meta name=\"twitter:data1\" content=\"2 minutes\" \/>\n<script type=\"application\/ld+json\" class=\"yoast-schema-graph\">{\"@context\":\"https:\\\/\\\/schema.org\",\"@graph\":[{\"@type\":\"WebPage\",\"@id\":\"https:\\\/\\\/www.lum.it\\\/en\\\/orientamento\\\/studenti-iscritti\\\/\",\"url\":\"https:\\\/\\\/www.lum.it\\\/en\\\/orientamento\\\/studenti-iscritti\\\/\",\"name\":\"Studenti iscritti - LUM\",\"isPartOf\":{\"@id\":\"https:\\\/\\\/www.lum.it\\\/#website\"},\"primaryImageOfPage\":{\"@id\":\"https:\\\/\\\/www.lum.it\\\/en\\\/orientamento\\\/studenti-iscritti\\\/#primaryimage\"},\"image\":{\"@id\":\"https:\\\/\\\/www.lum.it\\\/en\\\/orientamento\\\/studenti-iscritti\\\/#primaryimage\"},\"thumbnailUrl\":\"https:\\\/\\\/www.lum.it\\\/wp-content\\\/uploads\\\/2020\\\/01\\\/studenti-iscritti.png\",\"datePublished\":\"2019-12-10T10:36:50+00:00\",\"dateModified\":\"2024-10-31T13:50:06+00:00\",\"breadcrumb\":{\"@id\":\"https:\\\/\\\/www.lum.it\\\/en\\\/orientamento\\\/studenti-iscritti\\\/#breadcrumb\"},\"inLanguage\":\"en-US\",\"potentialAction\":[{\"@type\":\"ReadAction\",\"target\":[\"https:\\\/\\\/www.lum.it\\\/en\\\/orientamento\\\/studenti-iscritti\\\/\"]}]},{\"@type\":\"ImageObject\",\"inLanguage\":\"en-US\",\"@id\":\"https:\\\/\\\/www.lum.it\\\/en\\\/orientamento\\\/studenti-iscritti\\\/#primaryimage\",\"url\":\"https:\\\/\\\/www.lum.it\\\/wp-content\\\/uploads\\\/2020\\\/01\\\/studenti-iscritti.png\",\"contentUrl\":\"https:\\\/\\\/www.lum.it\\\/wp-content\\\/uploads\\\/2020\\\/01\\\/studenti-iscritti.png\",\"width\":63,\"height\":69},{\"@type\":\"BreadcrumbList\",\"@id\":\"https:\\\/\\\/www.lum.it\\\/en\\\/orientamento\\\/studenti-iscritti\\\/#breadcrumb\",\"itemListElement\":[{\"@type\":\"ListItem\",\"position\":1,\"name\":\"LUM\",\"item\":\"https:\\\/\\\/www.lum.it\\\/en\\\/\"},{\"@type\":\"ListItem\",\"position\":2,\"name\":\"Orientamento\",\"item\":\"https:\\\/\\\/www.lum.it\\\/en\\\/orientamento\\\/\"},{\"@type\":\"ListItem\",\"position\":3,\"name\":\"Studenti iscritti\"}]},{\"@type\":\"WebSite\",\"@id\":\"https:\\\/\\\/www.lum.it\\\/#website\",\"url\":\"https:\\\/\\\/www.lum.it\\\/\",\"name\":\"LUM Jean Monnet\",\"description\":\"\",\"publisher\":{\"@id\":\"https:\\\/\\\/www.lum.it\\\/#organization\"},\"potentialAction\":[{\"@type\":\"SearchAction\",\"target\":{\"@type\":\"EntryPoint\",\"urlTemplate\":\"https:\\\/\\\/www.lum.it\\\/?s={search_term_string}\"},\"query-input\":{\"@type\":\"PropertyValueSpecification\",\"valueRequired\":true,\"valueName\":\"search_term_string\"}}],\"inLanguage\":\"en-US\"},{\"@type\":\"Organization\",\"@id\":\"https:\\\/\\\/www.lum.it\\\/#organization\",\"name\":\"LUM Jean Monnet\",\"url\":\"https:\\\/\\\/www.lum.it\\\/\",\"logo\":{\"@type\":\"ImageObject\",\"inLanguage\":\"en-US\",\"@id\":\"https:\\\/\\\/www.lum.it\\\/#\\\/schema\\\/logo\\\/image\\\/\",\"url\":\"https:\\\/\\\/www.lum.it\\\/wp-content\\\/uploads\\\/2020\\\/02\\\/logo_color.png\",\"contentUrl\":\"https:\\\/\\\/www.lum.it\\\/wp-content\\\/uploads\\\/2020\\\/02\\\/logo_color.png\",\"width\":403,\"height\":93,\"caption\":\"LUM Jean Monnet\"},\"image\":{\"@id\":\"https:\\\/\\\/www.lum.it\\\/#\\\/schema\\\/logo\\\/image\\\/\"},\"sameAs\":[\"https:\\\/\\\/www.facebook.com\\\/uni.lumjm\\\/\"]}]}<\/script>\n<!-- \/ Yoast SEO Premium plugin. -->","yoast_head_json":{"title":"Studenti iscritti - LUM","robots":{"index":"index","follow":"follow","max-snippet":"max-snippet:-1","max-image-preview":"max-image-preview:large","max-video-preview":"max-video-preview:-1"},"canonical":"https:\/\/www.lum.it\/en\/orientamento\/studenti-iscritti\/","og_locale":"en_US","og_type":"article","og_title":"Studenti iscritti","og_description":"L&#8217;Ufficio Orientamento si pone come supporto allo studente affiancandolo in tutto il percorso accademico. In particolare, in questa sezione l&#8217;Ufficio Orientamento LUM offre agli studenti LUM una panoramica sui numerosi servizi offerti. Monitoraggio e supporto dello studente LUM durante la fase di transizione dalla scuola superiore all&#8217;Universit\u00e0 Particolare attenzione \u00e8 riservata alle matricole che per [&hellip;]","og_url":"https:\/\/www.lum.it\/en\/orientamento\/studenti-iscritti\/","og_site_name":"LUM","article_publisher":"https:\/\/www.facebook.com\/uni.lumjm\/","article_modified_time":"2024-10-31T13:50:06+00:00","og_image":[{"width":63,"height":69,"url":"https:\/\/www.lum.it\/wp-content\/uploads\/2020\/01\/studenti-iscritti.png","type":"image\/png"}],"twitter_card":"summary_large_image","twitter_misc":{"Est. reading time":"2 minutes"},"schema":{"@context":"https:\/\/schema.org","@graph":[{"@type":"WebPage","@id":"https:\/\/www.lum.it\/en\/orientamento\/studenti-iscritti\/","url":"https:\/\/www.lum.it\/en\/orientamento\/studenti-iscritti\/","name":"Studenti iscritti - LUM","isPartOf":{"@id":"https:\/\/www.lum.it\/#website"},"primaryImageOfPage":{"@id":"https:\/\/www.lum.it\/en\/orientamento\/studenti-iscritti\/#primaryimage"},"image":{"@id":"https:\/\/www.lum.it\/en\/orientamento\/studenti-iscritti\/#primaryimage"},"thumbnailUrl":"https:\/\/www.lum.it\/wp-content\/uploads\/2020\/01\/studenti-iscritti.png","datePublished":"2019-12-10T10:36:50+00:00","dateModified":"2024-10-31T13:50:06+00:00","breadcrumb":{"@id":"https:\/\/www.lum.it\/en\/orientamento\/studenti-iscritti\/#breadcrumb"},"inLanguage":"en-US","potentialAction":[{"@type":"ReadAction","target":["https:\/\/www.lum.it\/en\/orientamento\/studenti-iscritti\/"]}]},{"@type":"ImageObject","inLanguage":"en-US","@id":"https:\/\/www.lum.it\/en\/orientamento\/studenti-iscritti\/#primaryimage","url":"https:\/\/www.lum.it\/wp-content\/uploads\/2020\/01\/studenti-iscritti.png","contentUrl":"https:\/\/www.lum.it\/wp-content\/uploads\/2020\/01\/studenti-iscritti.png","width":63,"height":69},{"@type":"BreadcrumbList","@id":"https:\/\/www.lum.it\/en\/orientamento\/studenti-iscritti\/#breadcrumb","itemListElement":[{"@type":"ListItem","position":1,"name":"LUM","item":"https:\/\/www.lum.it\/en\/"},{"@type":"ListItem","position":2,"name":"Orientamento","item":"https:\/\/www.lum.it\/en\/orientamento\/"},{"@type":"ListItem","position":3,"name":"Studenti iscritti"}]},{"@type":"WebSite","@id":"https:\/\/www.lum.it\/#website","url":"https:\/\/www.lum.it\/","name":"LUM Jean Monnet","description":"","publisher":{"@id":"https:\/\/www.lum.it\/#organization"},"potentialAction":[{"@type":"SearchAction","target":{"@type":"EntryPoint","urlTemplate":"https:\/\/www.lum.it\/?s={search_term_string}"},"query-input":{"@type":"PropertyValueSpecification","valueRequired":true,"valueName":"search_term_string"}}],"inLanguage":"en-US"},{"@type":"Organization","@id":"https:\/\/www.lum.it\/#organization","name":"LUM Jean Monnet","url":"https:\/\/www.lum.it\/","logo":{"@type":"ImageObject","inLanguage":"en-US","@id":"https:\/\/www.lum.it\/#\/schema\/logo\/image\/","url":"https:\/\/www.lum.it\/wp-content\/uploads\/2020\/02\/logo_color.png","contentUrl":"https:\/\/www.lum.it\/wp-content\/uploads\/2020\/02\/logo_color.png","width":403,"height":93,"caption":"LUM Jean Monnet"},"image":{"@id":"https:\/\/www.lum.it\/#\/schema\/logo\/image\/"},"sameAs":["https:\/\/www.facebook.com\/uni.lumjm\/"]}]}},"_links":{"self":[{"href":"https:\/\/www.lum.it\/en\/wp-json\/wp\/v2\/pages\/8413","targetHints":{"allow":["GET"]}}],"collection":[{"href":"https:\/\/www.lum.it\/en\/wp-json\/wp\/v2\/pages"}],"about":[{"href":"https:\/\/www.lum.it\/en\/wp-json\/wp\/v2\/types\/page"}],"author":[{"embeddable":true,"href":"https:\/\/www.lum.it\/en\/wp-json\/wp\/v2\/users\/6"}],"replies":[{"embeddable":true,"href":"https:\/\/www.lum.it\/en\/wp-json\/wp\/v2\/comments?post=8413"}],"version-history":[{"count":28,"href":"https:\/\/www.lum.it\/en\/wp-json\/wp\/v2\/pages\/8413\/revisions"}],"predecessor-version":[{"id":54519,"href":"https:\/\/www.lum.it\/en\/wp-json\/wp\/v2\/pages\/8413\/revisions\/54519"}],"up":[{"embeddable":true,"href":"https:\/\/www.lum.it\/en\/wp-json\/wp\/v2\/pages\/8411"}],"wp:featuredmedia":[{"embeddable":true,"href":"https:\/\/www.lum.it\/en\/wp-json\/wp\/v2\/media\/8415"}],"wp:attachment":[{"href":"https:\/\/www.lum.it\/en\/wp-json\/wp\/v2\/media?parent=8413"}],"curies":[{"name":"wp","href":"https:\/\/api.w.org\/{rel}","templated":true}]}}