{"id":8404,"date":"2019-12-10T12:22:41","date_gmt":"2019-12-10T11:22:41","guid":{"rendered":"http:\/\/www.lum.it\/economia-triennale\/"},"modified":"2024-02-27T12:20:00","modified_gmt":"2024-02-27T11:20:00","slug":"economy-bachelors-degree-old","status":"publish","type":"page","link":"https:\/\/www.lum.it\/en\/economy-bachelors-degree-old\/","title":{"rendered":"Economics and Business Management"},"content":{"rendered":"<p>The Department of Management, Finance and Technology offers professionalizing Bachelor\u2019s and Master\u2019s degree programs, aimed at developing the knowledge and skills most appreciated by the professional world: from analysis tools to understand the evolution of markets and of the international economy, to the most recent business management techniques (strategy, organizational management, marketing, budget, planning and control).<\/p>\n<p>Students enrolling in this course can access\u00a0<strong>Double Degrees<\/strong>\u00a0with<\/p>\n<ul>\n<li>the\u00a0<a class=\"keychainify-checked\" href=\"https:\/\/www.lum.it\/en\/dual-degree\/#dmft-3\"><strong>Dublin Business School\u00a0<\/strong><\/a>(Ireland)<\/li>\n<li>the\u00a0<strong><a class=\"keychainify-checked\" href=\"https:\/\/www.lum.it\/en\/pontificia-universidade-catolica-do-parana\/\">Pontif\u00edcia Universidade Cat\u00f3lica do Paran\u00e1<\/a>\u00a0<\/strong>(Brazil).<\/li>\n<\/ul>\n<p>These courses make it possible to create an integrated study program, which includes periods of mobility and the opportunity to attend and get to know international academic realities and to obtain two degrees.<\/p>\n<p>Dean of the Department is prof.\u00a0<a class=\"keychainify-checked\" href=\"https:\/\/web.archive.org\/web\/20231128233038\/https:\/\/www.lum.it\/bussoli@lum.it\">Candida Bussoli<\/a><\/p>\n<p>Choose among three recommended study plans:\u00a0 Management, Business Administration and Digital Economy and Marketing.<\/p>\n<p><em>Note about the study plan:<\/em><br \/>\nChoose 1 exam between those followed by (*)<br \/>\nChoose 2 exams between those followed by (**)<\/p>\n","protected":false},"excerpt":{"rendered":"<p>The Department of Management, Finance and Technology offers professionalizing Bachelor\u2019s and Master\u2019s degree programs, aimed at developing the knowledge and skills most appreciated by the professional world: from analysis tools to understand the evolution of markets and of the international economy, to the most recent business management techniques (strategy, organizational management, marketing, budget, planning and [&hellip;]<\/p>\n","protected":false},"author":6,"featured_media":0,"parent":0,"menu_order":344,"comment_status":"closed","ping_status":"closed","template":"template-01-builder-corsi.php","meta":{"_acf_changed":false,"footnotes":""},"class_list":["post-8404","page","type-page","status-publish","hentry"],"acf":[],"yoast_head":"<!-- This site is optimized with the Yoast SEO Premium plugin v22.9 (Yoast SEO v27.3) - https:\/\/yoast.com\/product\/yoast-seo-premium-wordpress\/ -->\n<title>Economics and Business Management - LUM<\/title>\n<meta name=\"robots\" content=\"index, follow, max-snippet:-1, max-image-preview:large, max-video-preview:-1\" \/>\n<link rel=\"canonical\" href=\"https:\/\/www.lum.it\/en\/economy-bachelors-degree-old\/\" \/>\n<meta property=\"og:locale\" content=\"en_US\" \/>\n<meta property=\"og:type\" content=\"article\" \/>\n<meta property=\"og:title\" content=\"Economics and Business Management\" \/>\n<meta property=\"og:description\" content=\"The Department of Management, Finance and Technology offers professionalizing Bachelor\u2019s and Master\u2019s degree programs, aimed at developing the knowledge and skills most appreciated by the professional world: from analysis tools to understand the evolution of markets and of the international economy, to the most recent business management techniques (strategy, organizational management, marketing, budget, planning and [&hellip;]\" \/>\n<meta property=\"og:url\" content=\"https:\/\/www.lum.it\/en\/economy-bachelors-degree-old\/\" \/>\n<meta property=\"og:site_name\" content=\"LUM\" \/>\n<meta property=\"article:publisher\" content=\"https:\/\/www.facebook.com\/uni.lumjm\/\" \/>\n<meta property=\"article:modified_time\" content=\"2024-02-27T11:20:00+00:00\" \/>\n<meta name=\"twitter:card\" content=\"summary_large_image\" \/>\n<meta name=\"twitter:label1\" content=\"Est. reading time\" \/>\n\t<meta name=\"twitter:data1\" content=\"1 minute\" \/>\n<script type=\"application\/ld+json\" class=\"yoast-schema-graph\">{\"@context\":\"https:\\\/\\\/schema.org\",\"@graph\":[{\"@type\":\"WebPage\",\"@id\":\"https:\\\/\\\/www.lum.it\\\/en\\\/economy-bachelors-degree-old\\\/\",\"url\":\"https:\\\/\\\/www.lum.it\\\/en\\\/economy-bachelors-degree-old\\\/\",\"name\":\"Economics and Business Management - LUM\",\"isPartOf\":{\"@id\":\"https:\\\/\\\/www.lum.it\\\/#website\"},\"datePublished\":\"2019-12-10T11:22:41+00:00\",\"dateModified\":\"2024-02-27T11:20:00+00:00\",\"breadcrumb\":{\"@id\":\"https:\\\/\\\/www.lum.it\\\/en\\\/economy-bachelors-degree-old\\\/#breadcrumb\"},\"inLanguage\":\"en-US\",\"potentialAction\":[{\"@type\":\"ReadAction\",\"target\":[\"https:\\\/\\\/www.lum.it\\\/en\\\/economy-bachelors-degree-old\\\/\"]}]},{\"@type\":\"BreadcrumbList\",\"@id\":\"https:\\\/\\\/www.lum.it\\\/en\\\/economy-bachelors-degree-old\\\/#breadcrumb\",\"itemListElement\":[{\"@type\":\"ListItem\",\"position\":1,\"name\":\"LUM\",\"item\":\"https:\\\/\\\/www.lum.it\\\/en\\\/\"},{\"@type\":\"ListItem\",\"position\":2,\"name\":\"Economics and Business Management\"}]},{\"@type\":\"WebSite\",\"@id\":\"https:\\\/\\\/www.lum.it\\\/#website\",\"url\":\"https:\\\/\\\/www.lum.it\\\/\",\"name\":\"LUM Jean Monnet\",\"description\":\"\",\"publisher\":{\"@id\":\"https:\\\/\\\/www.lum.it\\\/#organization\"},\"potentialAction\":[{\"@type\":\"SearchAction\",\"target\":{\"@type\":\"EntryPoint\",\"urlTemplate\":\"https:\\\/\\\/www.lum.it\\\/?s={search_term_string}\"},\"query-input\":{\"@type\":\"PropertyValueSpecification\",\"valueRequired\":true,\"valueName\":\"search_term_string\"}}],\"inLanguage\":\"en-US\"},{\"@type\":\"Organization\",\"@id\":\"https:\\\/\\\/www.lum.it\\\/#organization\",\"name\":\"LUM Jean Monnet\",\"url\":\"https:\\\/\\\/www.lum.it\\\/\",\"logo\":{\"@type\":\"ImageObject\",\"inLanguage\":\"en-US\",\"@id\":\"https:\\\/\\\/www.lum.it\\\/#\\\/schema\\\/logo\\\/image\\\/\",\"url\":\"https:\\\/\\\/www.lum.it\\\/wp-content\\\/uploads\\\/2020\\\/02\\\/logo_color.png\",\"contentUrl\":\"https:\\\/\\\/www.lum.it\\\/wp-content\\\/uploads\\\/2020\\\/02\\\/logo_color.png\",\"width\":403,\"height\":93,\"caption\":\"LUM Jean Monnet\"},\"image\":{\"@id\":\"https:\\\/\\\/www.lum.it\\\/#\\\/schema\\\/logo\\\/image\\\/\"},\"sameAs\":[\"https:\\\/\\\/www.facebook.com\\\/uni.lumjm\\\/\"]}]}<\/script>\n<!-- \/ Yoast SEO Premium plugin. -->","yoast_head_json":{"title":"Economics and Business Management - LUM","robots":{"index":"index","follow":"follow","max-snippet":"max-snippet:-1","max-image-preview":"max-image-preview:large","max-video-preview":"max-video-preview:-1"},"canonical":"https:\/\/www.lum.it\/en\/economy-bachelors-degree-old\/","og_locale":"en_US","og_type":"article","og_title":"Economics and Business Management","og_description":"The Department of Management, Finance and Technology offers professionalizing Bachelor\u2019s and Master\u2019s degree programs, aimed at developing the knowledge and skills most appreciated by the professional world: from analysis tools to understand the evolution of markets and of the international economy, to the most recent business management techniques (strategy, organizational management, marketing, budget, planning and [&hellip;]","og_url":"https:\/\/www.lum.it\/en\/economy-bachelors-degree-old\/","og_site_name":"LUM","article_publisher":"https:\/\/www.facebook.com\/uni.lumjm\/","article_modified_time":"2024-02-27T11:20:00+00:00","twitter_card":"summary_large_image","twitter_misc":{"Est. reading time":"1 minute"},"schema":{"@context":"https:\/\/schema.org","@graph":[{"@type":"WebPage","@id":"https:\/\/www.lum.it\/en\/economy-bachelors-degree-old\/","url":"https:\/\/www.lum.it\/en\/economy-bachelors-degree-old\/","name":"Economics and Business Management - LUM","isPartOf":{"@id":"https:\/\/www.lum.it\/#website"},"datePublished":"2019-12-10T11:22:41+00:00","dateModified":"2024-02-27T11:20:00+00:00","breadcrumb":{"@id":"https:\/\/www.lum.it\/en\/economy-bachelors-degree-old\/#breadcrumb"},"inLanguage":"en-US","potentialAction":[{"@type":"ReadAction","target":["https:\/\/www.lum.it\/en\/economy-bachelors-degree-old\/"]}]},{"@type":"BreadcrumbList","@id":"https:\/\/www.lum.it\/en\/economy-bachelors-degree-old\/#breadcrumb","itemListElement":[{"@type":"ListItem","position":1,"name":"LUM","item":"https:\/\/www.lum.it\/en\/"},{"@type":"ListItem","position":2,"name":"Economics and Business Management"}]},{"@type":"WebSite","@id":"https:\/\/www.lum.it\/#website","url":"https:\/\/www.lum.it\/","name":"LUM Jean Monnet","description":"","publisher":{"@id":"https:\/\/www.lum.it\/#organization"},"potentialAction":[{"@type":"SearchAction","target":{"@type":"EntryPoint","urlTemplate":"https:\/\/www.lum.it\/?s={search_term_string}"},"query-input":{"@type":"PropertyValueSpecification","valueRequired":true,"valueName":"search_term_string"}}],"inLanguage":"en-US"},{"@type":"Organization","@id":"https:\/\/www.lum.it\/#organization","name":"LUM Jean Monnet","url":"https:\/\/www.lum.it\/","logo":{"@type":"ImageObject","inLanguage":"en-US","@id":"https:\/\/www.lum.it\/#\/schema\/logo\/image\/","url":"https:\/\/www.lum.it\/wp-content\/uploads\/2020\/02\/logo_color.png","contentUrl":"https:\/\/www.lum.it\/wp-content\/uploads\/2020\/02\/logo_color.png","width":403,"height":93,"caption":"LUM Jean Monnet"},"image":{"@id":"https:\/\/www.lum.it\/#\/schema\/logo\/image\/"},"sameAs":["https:\/\/www.facebook.com\/uni.lumjm\/"]}]}},"_links":{"self":[{"href":"https:\/\/www.lum.it\/en\/wp-json\/wp\/v2\/pages\/8404","targetHints":{"allow":["GET"]}}],"collection":[{"href":"https:\/\/www.lum.it\/en\/wp-json\/wp\/v2\/pages"}],"about":[{"href":"https:\/\/www.lum.it\/en\/wp-json\/wp\/v2\/types\/page"}],"author":[{"embeddable":true,"href":"https:\/\/www.lum.it\/en\/wp-json\/wp\/v2\/users\/6"}],"replies":[{"embeddable":true,"href":"https:\/\/www.lum.it\/en\/wp-json\/wp\/v2\/comments?post=8404"}],"version-history":[{"count":54,"href":"https:\/\/www.lum.it\/en\/wp-json\/wp\/v2\/pages\/8404\/revisions"}],"predecessor-version":[{"id":48149,"href":"https:\/\/www.lum.it\/en\/wp-json\/wp\/v2\/pages\/8404\/revisions\/48149"}],"wp:attachment":[{"href":"https:\/\/www.lum.it\/en\/wp-json\/wp\/v2\/media?parent=8404"}],"curies":[{"name":"wp","href":"https:\/\/api.w.org\/{rel}","templated":true}]}}