{"id":65167,"date":"2023-05-21T17:31:13","date_gmt":"2023-05-21T15:31:13","guid":{"rendered":"https:\/\/www.lum.it\/dipartimento-di-management-finanza-e-tecnologia-mft\/"},"modified":"2026-03-30T15:51:13","modified_gmt":"2026-03-30T13:51:13","slug":"department-of-management-finance-and-technology-mft","status":"publish","type":"page","link":"https:\/\/www.lum.it\/en\/department-of-management-finance-and-technology-mft\/","title":{"rendered":"Department of Management, Finance, and Technology (MFT)"},"content":{"rendered":"<p>[vc_section full_width=&#8221;stretch_row_content&#8221; css=&#8221;.vc_custom_1694622133980{margin-top: 0px !important;margin-bottom: 0px !important;border-top-width: 0px !important;border-bottom-width: 0px !important;padding-top: 0px !important;padding-bottom: 0px !important;background-color: #f4f2ef !important;}&#8221;][vc_row css=&#8221;.vc_custom_1712246876822{background-position: center !important;background-repeat: no-repeat !important;background-size: cover !important;}&#8221;][vc_column]\n\t\t\t<!-- START Dip management e finanza REVOLUTION SLIDER 6.5.20 --><p class=\"rs-p-wp-fix\"><\/p>\n\t\t\t<rs-module-wrap id=\"rev_slider_39_1_wrapper\" data-source=\"gallery\" style=\"visibility:hidden;background:transparent;padding:0;margin:0px auto;margin-top:0;margin-bottom:0;\">\n\t\t\t\t<rs-module id=\"rev_slider_39_1\" style=\"\" data-version=\"6.5.20\">\n\t\t\t\t\t<rs-slides>\n\t\t\t\t\t\t<rs-slide style=\"position: absolute;\" data-key=\"rs-94\" data-title=\"Medicina\" data-link=\"\/\/www.lum.it\/wp-content\/uploads\/2024\/02\/ELENCO-AMMESSI.pdf\" data-tag=\"l\" data-target=\"_self\" data-seoz=\"front\" data-anim=\"ms:10;\" data-in=\"o:1;\" data-out=\"a:false;\">\n\t\t\t\t\t\t\t<img decoding=\"async\" src=\"\/\/www.lum.it\/wp-content\/plugins\/revslider\/public\/assets\/assets\/dummy.png\" alt=\"Medicina\" title=\"Department of Management, Finance, and Technology (MFT)\" class=\"rev-slidebg tp-rs-img rs-lazyload\" data-lazyload=\"\/\/www.lum.it\/wp-content\/plugins\/revslider\/public\/assets\/assets\/transparent.png\" data-parallax=\"off\" data-no-retina>\n<!--\n\t\t\t\t\t\t\t--><rs-layer\n\t\t\t\t\t\t\t\tid=\"slider-39-slide-94-layer-1\" \n\t\t\t\t\t\t\t\tdata-type=\"image\"\n\t\t\t\t\t\t\t\tdata-rsp_ch=\"on\"\n\t\t\t\t\t\t\t\tdata-xy=\"x:c;\"\n\t\t\t\t\t\t\t\tdata-text=\"w:normal;\"\n\t\t\t\t\t\t\t\tdata-dim=\"w:100%;\"\n\t\t\t\t\t\t\t\tdata-frame_0=\"y:50;\"\n\t\t\t\t\t\t\t\tdata-frame_1=\"sp:1000;\"\n\t\t\t\t\t\t\t\tdata-frame_999=\"o:0;st:w;sR:3000;\"\n\t\t\t\t\t\t\t\tstyle=\"z-index:9;\"\n\t\t\t\t\t\t\t><img loading=\"lazy\" decoding=\"async\" src=\"\/\/www.lum.it\/wp-content\/plugins\/revslider\/public\/assets\/assets\/dummy.png\" alt=\"\" class=\"tp-rs-img rs-lazyload\" width=\"1920\" height=\"403\" data-lazyload=\"\/\/www.lum.it\/wp-content\/uploads\/2022\/10\/economia-e-management.jpg\" data-no-retina> \n\t\t\t\t\t\t\t<\/rs-layer><!--\n-->\t\t\t\t\t\t<\/rs-slide>\n\t\t\t\t\t<\/rs-slides>\n\t\t\t\t<\/rs-module>\n\t\t\t\t<script>\n\t\t\t\t\tsetREVStartSize({c: 'rev_slider_39_1',rl:[1240,1024,778,480],el:[403],gw:[1920],gh:[403],type:'standard',justify:'',layout:'fullwidth',mh:\"0\"});if (window.RS_MODULES!==undefined && window.RS_MODULES.modules!==undefined && window.RS_MODULES.modules[\"revslider391\"]!==undefined) {window.RS_MODULES.modules[\"revslider391\"].once = false;window.revapi39 = undefined;if (window.RS_MODULES.checkMinimal!==undefined) window.RS_MODULES.checkMinimal()}\n\t\t\t\t<\/script>\n\t\t\t<\/rs-module-wrap>\n\t\t\t<!-- END REVOLUTION SLIDER -->\n[\/vc_column][\/vc_row][vc_row][vc_column][vc_row_inner][vc_column_inner width=&#8221;1\/2&#8243; css=&#8221;.vc_custom_1682543418106{padding-top: 20px !important;padding-bottom: 20px !important;}&#8221;][vc_column_text el_class=&#8221;qred&#8221;]<\/p>\n<h1 class=\"colonna1_text auto_margin_left\">Department of Management, Finance and Technology (MFT)<\/h1>\n<p>[\/vc_column_text][\/vc_column_inner][vc_column_inner width=&#8221;1\/2&#8243; css=&#8221;.vc_custom_1685010073877{padding-top: 40px !important;padding-right: 40px !important;padding-bottom: 40px !important;padding-left: 40px !important;}&#8221;][vc_column_text css_animation=&#8221;fadeIn&#8221;]<span style=\"color: #999999;\">Direttrice del Dipartimento (MFT)<\/span>[\/vc_column_text]\n\n\n    <div class=\"vc_lumDocenteInfoSingle  border-0 rounded-0 \" id=\"\">\n\t\t\t<div class=\"d-flex align-items-center mb-4\">\n              <div class=\"flex-shrink-0 pr-2\">\n\t\t\t\t<img decoding=\"async\" class=\"img-fluid rounded-circle\" src=\"https:\/\/www.lum.it\/wp-content\/uploads\/2020\/09\/bussoli.jpg\" style=\"width: 70px;\">\n\n              <\/div>\n              <div class=\"flex-grow-1 ms-3\">\n                <div class=\"d-flex flex-row align-items-center mb-2\">\n                  <p class=\"mb-0 me-2\">Professor Candida Bussoli<\/p>\n                <\/div>\n                \t\t\t\t<div>\n                  <a type=\"button\" class=\"btn btn-outline-dark btn-rounded btn-sm\" href=\"https:\/\/www.lum.it\/en\/docenti\/candida-bussoli-2\/\">Profile<\/a>\n                <\/div>\n\t\t\t\t              <\/div>\n            <\/div>\n\n    <\/div>\n\n    [\/vc_column_inner][\/vc_row_inner][\/vc_column][\/vc_row][\/vc_section][vc_section css=&#8221;.vc_custom_1698923222866{background-color: #f4f2ef !important;}&#8221;][vc_row el_class=&#8221;container&#8221;][vc_column][vc_row_inner][vc_column_inner css=&#8221;.vc_custom_1682543418106{padding-top: 20px !important;padding-bottom: 20px !important;}&#8221;][vc_column_text]A broad, articulated, and flexible study program ensures an academic experience that enhances students&#8217; <strong>analytical abilities in the economic, financial, and managerial fields<\/strong>.<br \/>\nAn educational organization characterized by <strong>direct contact between students and professors<\/strong>, continuous <strong>interaction with the world of businesses<\/strong> and professions, a rich presence of testimonials and practical exercises allows for the acquisition of effective tools for analysis and management of business processes.<br \/>\nCourses distinguished by the pursuit of an effective balance between solid academic training, basic methodological tools, and constant attention to innovation processes allow for cutting-edge training and the acquisition of specific and cross-functional skills useful for formulating, implementing, and controlling decisions.<\/p>\n<p>In the three-year degree course, there are <strong>double degree<\/strong> programs with <a href=\"https:\/\/www.lum.it\/en\/dbs\/\"><strong>Dublin Business School (Ireland)<\/strong><\/a> and with <a href=\"https:\/\/www.lum.it\/en\/pontificia-universida-de-catolica-do-parana\/\"><strong>Pontif\u00edcia Universidade Cat\u00f3lica do Paran\u00e1 (Brazil)<\/strong><\/a>. These programs enable the completion of an integrated study program, involving mobility periods and offering the opportunity to study and become acquainted with international academic realities, leading to the attainment of two degrees.<br \/>\nStudying at LUM is not just a path towards a degree, but a journey capable of influencing future professional life, giving substance to individual values, and generating a vehicle for personal and social growth and well-being.[\/vc_column_text][\/vc_column_inner][\/vc_row_inner][\/vc_column][\/vc_row][\/vc_section]<\/p>\n","protected":false},"excerpt":{"rendered":"<p>[vc_section full_width=&#8221;stretch_row_content&#8221; css=&#8221;.vc_custom_1694622133980{margin-top: 0px !important;margin-bottom: 0px !important;border-top-width: 0px !important;border-bottom-width: 0px !important;padding-top: 0px !important;padding-bottom: 0px !important;background-color: #f4f2ef !important;}&#8221;][vc_row css=&#8221;.vc_custom_1712246876822{background-position: center !important;background-repeat: no-repeat !important;background-size: cover !important;}&#8221;][vc_column][\/vc_column][\/vc_row][vc_row][vc_column][vc_row_inner][vc_column_inner width=&#8221;1\/2&#8243; css=&#8221;.vc_custom_1682543418106{padding-top: 20px !important;padding-bottom: 20px !important;}&#8221;][vc_column_text el_class=&#8221;qred&#8221;] Department of Management, Finance and Technology (MFT) [\/vc_column_text][\/vc_column_inner][vc_column_inner width=&#8221;1\/2&#8243; css=&#8221;.vc_custom_1685010073877{padding-top: 40px !important;padding-right: 40px !important;padding-bottom: 40px !important;padding-left: 40px !important;}&#8221;][vc_column_text css_animation=&#8221;fadeIn&#8221;]Direttrice del Dipartimento (MFT)[\/vc_column_text][\/vc_column_inner][\/vc_row_inner][\/vc_column][\/vc_row][\/vc_section][vc_section css=&#8221;.vc_custom_1698923222866{background-color: #f4f2ef [&hellip;]<\/p>\n","protected":false},"author":14,"featured_media":0,"parent":0,"menu_order":75,"comment_status":"closed","ping_status":"closed","template":"template-01-builder.php","meta":{"_acf_changed":false,"footnotes":""},"class_list":["post-65167","page","type-page","status-publish","hentry"],"acf":[],"yoast_head":"<!-- This site is optimized with the Yoast SEO Premium plugin v22.9 (Yoast SEO v27.3) - https:\/\/yoast.com\/product\/yoast-seo-premium-wordpress\/ -->\n<title>Department of Management, Finance, and Technology (MFT) - LUM<\/title>\n<meta name=\"robots\" content=\"index, follow, max-snippet:-1, max-image-preview:large, max-video-preview:-1\" \/>\n<link rel=\"canonical\" href=\"https:\/\/www.lum.it\/en\/department-of-management-finance-and-technology-mft\/\" \/>\n<meta property=\"og:locale\" content=\"en_US\" \/>\n<meta property=\"og:type\" content=\"article\" \/>\n<meta property=\"og:title\" content=\"Department of Management, Finance, and Technology (MFT)\" \/>\n<meta property=\"og:description\" content=\"[vc_section full_width=&#8221;stretch_row_content&#8221; css=&#8221;.vc_custom_1694622133980{margin-top: 0px !important;margin-bottom: 0px !important;border-top-width: 0px !important;border-bottom-width: 0px !important;padding-top: 0px !important;padding-bottom: 0px !important;background-color: #f4f2ef !important;}&#8221;][vc_row css=&#8221;.vc_custom_1712246876822{background-position: center !important;background-repeat: no-repeat !important;background-size: cover !important;}&#8221;][vc_column][\/vc_column][\/vc_row][vc_row][vc_column][vc_row_inner][vc_column_inner width=&#8221;1\/2&#8243; css=&#8221;.vc_custom_1682543418106{padding-top: 20px !important;padding-bottom: 20px !important;}&#8221;][vc_column_text el_class=&#8221;qred&#8221;] Department of Management, Finance and Technology (MFT) [\/vc_column_text][\/vc_column_inner][vc_column_inner width=&#8221;1\/2&#8243; css=&#8221;.vc_custom_1685010073877{padding-top: 40px !important;padding-right: 40px !important;padding-bottom: 40px !important;padding-left: 40px !important;}&#8221;][vc_column_text css_animation=&#8221;fadeIn&#8221;]Direttrice del Dipartimento (MFT)[\/vc_column_text][\/vc_column_inner][\/vc_row_inner][\/vc_column][\/vc_row][\/vc_section][vc_section css=&#8221;.vc_custom_1698923222866{background-color: #f4f2ef [&hellip;]\" \/>\n<meta property=\"og:url\" content=\"https:\/\/www.lum.it\/en\/department-of-management-finance-and-technology-mft\/\" \/>\n<meta property=\"og:site_name\" content=\"LUM\" \/>\n<meta property=\"article:publisher\" content=\"https:\/\/www.facebook.com\/uni.lumjm\/\" \/>\n<meta property=\"article:modified_time\" content=\"2026-03-30T13:51:13+00:00\" \/>\n<meta name=\"twitter:card\" content=\"summary_large_image\" \/>\n<meta name=\"twitter:label1\" content=\"Est. reading time\" \/>\n\t<meta name=\"twitter:data1\" content=\"2 minutes\" \/>\n<script type=\"application\/ld+json\" class=\"yoast-schema-graph\">{\"@context\":\"https:\\\/\\\/schema.org\",\"@graph\":[{\"@type\":\"WebPage\",\"@id\":\"https:\\\/\\\/www.lum.it\\\/en\\\/department-of-management-finance-and-technology-mft\\\/\",\"url\":\"https:\\\/\\\/www.lum.it\\\/en\\\/department-of-management-finance-and-technology-mft\\\/\",\"name\":\"Department of Management, Finance, and Technology (MFT) - LUM\",\"isPartOf\":{\"@id\":\"https:\\\/\\\/www.lum.it\\\/#website\"},\"datePublished\":\"2023-05-21T15:31:13+00:00\",\"dateModified\":\"2026-03-30T13:51:13+00:00\",\"breadcrumb\":{\"@id\":\"https:\\\/\\\/www.lum.it\\\/en\\\/department-of-management-finance-and-technology-mft\\\/#breadcrumb\"},\"inLanguage\":\"en-US\",\"potentialAction\":[{\"@type\":\"ReadAction\",\"target\":[\"https:\\\/\\\/www.lum.it\\\/en\\\/department-of-management-finance-and-technology-mft\\\/\"]}]},{\"@type\":\"BreadcrumbList\",\"@id\":\"https:\\\/\\\/www.lum.it\\\/en\\\/department-of-management-finance-and-technology-mft\\\/#breadcrumb\",\"itemListElement\":[{\"@type\":\"ListItem\",\"position\":1,\"name\":\"LUM\",\"item\":\"https:\\\/\\\/www.lum.it\\\/en\\\/\"},{\"@type\":\"ListItem\",\"position\":2,\"name\":\"Department of Management, Finance, and Technology (MFT)\"}]},{\"@type\":\"WebSite\",\"@id\":\"https:\\\/\\\/www.lum.it\\\/#website\",\"url\":\"https:\\\/\\\/www.lum.it\\\/\",\"name\":\"LUM Jean Monnet\",\"description\":\"\",\"publisher\":{\"@id\":\"https:\\\/\\\/www.lum.it\\\/#organization\"},\"potentialAction\":[{\"@type\":\"SearchAction\",\"target\":{\"@type\":\"EntryPoint\",\"urlTemplate\":\"https:\\\/\\\/www.lum.it\\\/?s={search_term_string}\"},\"query-input\":{\"@type\":\"PropertyValueSpecification\",\"valueRequired\":true,\"valueName\":\"search_term_string\"}}],\"inLanguage\":\"en-US\"},{\"@type\":\"Organization\",\"@id\":\"https:\\\/\\\/www.lum.it\\\/#organization\",\"name\":\"LUM Jean Monnet\",\"url\":\"https:\\\/\\\/www.lum.it\\\/\",\"logo\":{\"@type\":\"ImageObject\",\"inLanguage\":\"en-US\",\"@id\":\"https:\\\/\\\/www.lum.it\\\/#\\\/schema\\\/logo\\\/image\\\/\",\"url\":\"https:\\\/\\\/www.lum.it\\\/wp-content\\\/uploads\\\/2020\\\/02\\\/logo_color.png\",\"contentUrl\":\"https:\\\/\\\/www.lum.it\\\/wp-content\\\/uploads\\\/2020\\\/02\\\/logo_color.png\",\"width\":403,\"height\":93,\"caption\":\"LUM Jean Monnet\"},\"image\":{\"@id\":\"https:\\\/\\\/www.lum.it\\\/#\\\/schema\\\/logo\\\/image\\\/\"},\"sameAs\":[\"https:\\\/\\\/www.facebook.com\\\/uni.lumjm\\\/\"]}]}<\/script>\n<!-- \/ Yoast SEO Premium plugin. -->","yoast_head_json":{"title":"Department of Management, Finance, and Technology (MFT) - LUM","robots":{"index":"index","follow":"follow","max-snippet":"max-snippet:-1","max-image-preview":"max-image-preview:large","max-video-preview":"max-video-preview:-1"},"canonical":"https:\/\/www.lum.it\/en\/department-of-management-finance-and-technology-mft\/","og_locale":"en_US","og_type":"article","og_title":"Department of Management, Finance, and Technology (MFT)","og_description":"[vc_section full_width=&#8221;stretch_row_content&#8221; css=&#8221;.vc_custom_1694622133980{margin-top: 0px !important;margin-bottom: 0px !important;border-top-width: 0px !important;border-bottom-width: 0px !important;padding-top: 0px !important;padding-bottom: 0px !important;background-color: #f4f2ef !important;}&#8221;][vc_row css=&#8221;.vc_custom_1712246876822{background-position: center !important;background-repeat: no-repeat !important;background-size: cover !important;}&#8221;][vc_column][\/vc_column][\/vc_row][vc_row][vc_column][vc_row_inner][vc_column_inner width=&#8221;1\/2&#8243; css=&#8221;.vc_custom_1682543418106{padding-top: 20px !important;padding-bottom: 20px !important;}&#8221;][vc_column_text el_class=&#8221;qred&#8221;] Department of Management, Finance and Technology (MFT) [\/vc_column_text][\/vc_column_inner][vc_column_inner width=&#8221;1\/2&#8243; css=&#8221;.vc_custom_1685010073877{padding-top: 40px !important;padding-right: 40px !important;padding-bottom: 40px !important;padding-left: 40px !important;}&#8221;][vc_column_text css_animation=&#8221;fadeIn&#8221;]Direttrice del Dipartimento (MFT)[\/vc_column_text][\/vc_column_inner][\/vc_row_inner][\/vc_column][\/vc_row][\/vc_section][vc_section css=&#8221;.vc_custom_1698923222866{background-color: #f4f2ef [&hellip;]","og_url":"https:\/\/www.lum.it\/en\/department-of-management-finance-and-technology-mft\/","og_site_name":"LUM","article_publisher":"https:\/\/www.facebook.com\/uni.lumjm\/","article_modified_time":"2026-03-30T13:51:13+00:00","twitter_card":"summary_large_image","twitter_misc":{"Est. reading time":"2 minutes"},"schema":{"@context":"https:\/\/schema.org","@graph":[{"@type":"WebPage","@id":"https:\/\/www.lum.it\/en\/department-of-management-finance-and-technology-mft\/","url":"https:\/\/www.lum.it\/en\/department-of-management-finance-and-technology-mft\/","name":"Department of Management, Finance, and Technology (MFT) - LUM","isPartOf":{"@id":"https:\/\/www.lum.it\/#website"},"datePublished":"2023-05-21T15:31:13+00:00","dateModified":"2026-03-30T13:51:13+00:00","breadcrumb":{"@id":"https:\/\/www.lum.it\/en\/department-of-management-finance-and-technology-mft\/#breadcrumb"},"inLanguage":"en-US","potentialAction":[{"@type":"ReadAction","target":["https:\/\/www.lum.it\/en\/department-of-management-finance-and-technology-mft\/"]}]},{"@type":"BreadcrumbList","@id":"https:\/\/www.lum.it\/en\/department-of-management-finance-and-technology-mft\/#breadcrumb","itemListElement":[{"@type":"ListItem","position":1,"name":"LUM","item":"https:\/\/www.lum.it\/en\/"},{"@type":"ListItem","position":2,"name":"Department of Management, Finance, and Technology (MFT)"}]},{"@type":"WebSite","@id":"https:\/\/www.lum.it\/#website","url":"https:\/\/www.lum.it\/","name":"LUM Jean Monnet","description":"","publisher":{"@id":"https:\/\/www.lum.it\/#organization"},"potentialAction":[{"@type":"SearchAction","target":{"@type":"EntryPoint","urlTemplate":"https:\/\/www.lum.it\/?s={search_term_string}"},"query-input":{"@type":"PropertyValueSpecification","valueRequired":true,"valueName":"search_term_string"}}],"inLanguage":"en-US"},{"@type":"Organization","@id":"https:\/\/www.lum.it\/#organization","name":"LUM Jean Monnet","url":"https:\/\/www.lum.it\/","logo":{"@type":"ImageObject","inLanguage":"en-US","@id":"https:\/\/www.lum.it\/#\/schema\/logo\/image\/","url":"https:\/\/www.lum.it\/wp-content\/uploads\/2020\/02\/logo_color.png","contentUrl":"https:\/\/www.lum.it\/wp-content\/uploads\/2020\/02\/logo_color.png","width":403,"height":93,"caption":"LUM Jean Monnet"},"image":{"@id":"https:\/\/www.lum.it\/#\/schema\/logo\/image\/"},"sameAs":["https:\/\/www.facebook.com\/uni.lumjm\/"]}]}},"_links":{"self":[{"href":"https:\/\/www.lum.it\/en\/wp-json\/wp\/v2\/pages\/65167","targetHints":{"allow":["GET"]}}],"collection":[{"href":"https:\/\/www.lum.it\/en\/wp-json\/wp\/v2\/pages"}],"about":[{"href":"https:\/\/www.lum.it\/en\/wp-json\/wp\/v2\/types\/page"}],"author":[{"embeddable":true,"href":"https:\/\/www.lum.it\/en\/wp-json\/wp\/v2\/users\/14"}],"replies":[{"embeddable":true,"href":"https:\/\/www.lum.it\/en\/wp-json\/wp\/v2\/comments?post=65167"}],"version-history":[{"count":13,"href":"https:\/\/www.lum.it\/en\/wp-json\/wp\/v2\/pages\/65167\/revisions"}],"predecessor-version":[{"id":68771,"href":"https:\/\/www.lum.it\/en\/wp-json\/wp\/v2\/pages\/65167\/revisions\/68771"}],"wp:attachment":[{"href":"https:\/\/www.lum.it\/en\/wp-json\/wp\/v2\/media?parent=65167"}],"curies":[{"name":"wp","href":"https:\/\/api.w.org\/{rel}","templated":true}]}}