{"id":49608,"date":"2024-03-28T18:33:58","date_gmt":"2024-03-28T17:33:58","guid":{"rendered":"https:\/\/www.lum.it\/?page_id=49608"},"modified":"2024-03-29T12:18:10","modified_gmt":"2024-03-29T11:18:10","slug":"erasmus-ka220","status":"publish","type":"page","link":"https:\/\/www.lum.it\/en\/erasmus-ka220\/","title":{"rendered":"Erasmus KA220"},"content":{"rendered":"<p>[vc_section el_class=&#8221;pl-0 pr-0 bg-gradient&#8221;][vc_row css=&#8221;.vc_custom_1711644235759{background-image: url(https:\/\/www.lum.it\/wp-content\/uploads\/2020\/04\/Erasmus1920x403.jpg?id=9564) !important;background-position: center !important;background-repeat: no-repeat !important;background-size: cover !important;}&#8221; el_class=&#8221;bg-position&#8221;][vc_column][vc_empty_space height=&#8221;400px&#8221;][\/vc_column][\/vc_row][vc_row equal_height=&#8221;yes&#8221; el_class=&#8221;container no-padd-media&#8221; css=&#8221;.vc_custom_1697037331428{margin-bottom: 0px !important;}&#8221;][vc_column offset=&#8221;vc_col-lg-offset-0 vc_col-lg-7 vc_col-md-offset-0 vc_col-md-7 vc_col-sm-offset-0 vc_col-xs-12&#8243; el_class=&#8221;pr-lg-5 pr-0&#8243;][vc_empty_space height=&#8221;35px&#8221;][vc_column_text el_class=&#8221;qred m-0&#8243;]<\/p>\n<h1>Erasmus program<\/h1>\n<p>[\/vc_column_text][vc_empty_space height=&#8221;35px&#8221;][vc_column_text css=&#8221;.vc_custom_1711647127710{margin-top: 40px !important;margin-bottom: 20px !important;}&#8221;]<\/p>\n<h3 class=\"titolo_tab\">Erasmus KA220<\/h3>\n<p>I partenariati strategici sono forme di\u00a0cooperazione strutturata\u00a0e\u00a0di lunga duratatra Istituti di Istruzione Superiore ed altre organizzazioni, pubbliche o private, attive nei settori dell\u2019istruzione, della formazione e della giovent\u00f9, che mirano a sostenere lo sviluppo, il trasferimento e\/o l\u2019attuazione di pratiche innovative a livello organizzativo\/istituzionale, locale, regionale, nazionale ed europeo. Tra i principali obiettivi ci si attende che i partenariati strategici possano favorire:<\/p>\n<ul>\n<li>una pi\u00f9 alta qualit\u00e0 dell\u2019istruzione e dell\u2019insegnamento<\/li>\n<li>stimolare maggiori sinergie tra settori e con il mondo del lavoro<\/li>\n<li>promuovere un uso strategico delle nuove tecnologie, in linea con l\u2019Agenda di Modernizzazione dell\u2019Istruzione Superiore<\/li>\n<\/ul>\n<p><strong>Chi pu\u00f2 partecipare?<\/strong><\/p>\n<p>Pu\u00f2 partecipare qualunque organizzazione, pubblica o privata, attiva nei settori dell\u2019istruzione, della formazione e della giovent\u00f9 o in altro settore socio-economico, e organizzazioni che svolgono attivit\u00e0 trasversali ai diversi settori.<\/p>\n<p>Gli Istituti di Istruzione Superiore partecipanti ad un partenariato strategico (siano essi coordinatori o partner) devono essere titolari di\u00a0ECHE\u00a0(Erasmus Charter for Higher Education).<\/p>\n<p>Perch\u00e9 un partenariato strategico sia ammissibile dal punto di vista formale deve essere costituito da\u00a0minimo 3 organizzazioni\u00a0provenienti da\u00a03 Programme Countries.<\/p>\n<p>La partecipazione di organizzazioni provenienti da\u00a0Partner Countries\u00a0\u00e8 ammissibile ma solo in qualit\u00e0 di partner (non coordinatori) e solo se \u00e8 chiaramente dimostrato il\u00a0valore aggiunto\u00a0essenziale che apportano al progetto.<\/p>\n<p><strong>Il progetto: durata e attivit\u00e0 ammissibili<\/strong><\/p>\n<p>Un partenariato strategico pu\u00f2 avere una durata tra i\u00a0<strong>2 o 3 anni<\/strong>. Tale durata deve essere scelta all\u2019atto della presentazione della candidatura.<br \/>\nDal punto di vista delle attivit\u00e0 realizzabili, il Programma ERASMUS+ offre una grande flessibilit\u00e0 ai partenariati strategici, a patto che vi sia una reale rispondenza tra le attivit\u00e0 previste e le priorit\u00e0\/obiettivi cui essi devono tendere, come annualmente delineati dalla Commissione Europea. Si rimanda in tal senso anche a quanto indicato nella Guida al Programma.<br \/>\nUn partenariato strategico deve mirare, anzitutto, alla produzione di\u00a0<strong>Intellectual Outputs<\/strong>, termine con cui si intendono i risultati tangibili, a livello sia quantitativo che qualitativo, realizzati dal progetto (ad es. curricula, materiale pedagogico, risorse educative aperte, strumenti informatici, analisi, studi). Affinch\u00e9 possano essere ritenuti ammissibili, dovr\u00e0 esserne assicurata la\u00a0<strong>sostenibilit\u00e0<\/strong>, ossia la capacit\u00e0 di perdurare nel tempo e di produrre benefici non solo all\u2019interno, ma anche all\u2019esterno della partnership.<br \/>\nUn partenariato strategico, inoltre, pu\u00f2 realizzare attivit\u00e0 transnazionali di apprendimento, insegnamento e formazione, purch\u00e9 tali attivit\u00e0 apportino un valore aggiunto ai fini del raggiungimento degli obiettivi del progetto. Tra queste, sono ammissibili le seguenti tipologie di attivit\u00e0:<br \/>\n\u2013 Programmi di Studio Intensivi<br \/>\n\u2013 Mobilit\u00e0 combinata (virtuale e fisica) di breve periodo degli studenti<br \/>\n\u2013 Incontri congiunti di breve periodo per la formazione dello staff<br \/>\n\u2013 Mobilit\u00e0 di lunga durata dei docenti (per docenza o formazione)<\/p>\n<p>Dal punto di vista\u00a0<strong>qualitativo<\/strong>, i progetti di partenariato strategico vengono valutati in base ad una serie di parametri stabiliti a livello europeo.<br \/>\nIn particolare, un partenariato strategico viene valutato guardando alla\u00a0<strong>pertinenza del progetto<\/strong>, alla\u00a0q<strong>ualit\u00e0 dell\u2019elaborazione dello stesso<\/strong>, alla\u00a0<strong>qualit\u00e0 del partenariato<\/strong>\u00a0e degli accordi di cooperazione in tal senso intrapresi e, infine, al piano di\u00a0<strong>disseminazione<\/strong>\u00a0previsto e all\u2019<strong>impatto atteso<\/strong>.<\/p>\n<p>Come candidarsi<br \/>\nIl modulo di candidatura elettronico e la guida alla compilazione sono disponibili alla sezione\u00a0<a class=\"keychainify-checked\" href=\"http:\/\/www.erasmusplus.it\/webform2020\/\" target=\"_blank\" rel=\"noopener\" data-saferedirecturl=\"https:\/\/www.google.com\/url?q=http:\/\/www.erasmusplus.it\/webform2020\/&amp;source=gmail&amp;ust=1587030902070000&amp;usg=AFQjCNE2gN0pFUMMb2DV2oPHsjmYXCCtJA\">EFORM<\/a>[\/vc_column_text][\/vc_column][vc_column css=&#8221;.vc_custom_1697035009771{background-color: #f0f0f3 !important;}&#8221; offset=&#8221;vc_col-lg-5 vc_col-md-5 vc_col-xs-12&#8243;]    <div class=\"\" style=\"min-height: 75px\"><\/div>\n\n\n    [vc_row_inner css=&#8221;.vc_custom_1697036625205{margin-top: 0px !important;margin-right: 0px !important;margin-left: 0px !important;padding-right: 35px !important;padding-left: 25px !important;}&#8221; el_class=&#8221;pt-5 pt-md-0 sticky-row form-ridotto pl-0 pr-0&#8243;][vc_column_inner width=&#8221;2\/3&#8243; css=&#8221;.vc_custom_1711644245888{margin-top: 0px !important;margin-bottom: 0px !important;padding-right: 20px !important;padding-left: 20px !important;}&#8221;]<a href=\"https:\/\/www.lum.it\/en\/international-mobility-erasmus\/\" class=\"blockquote anim_btn red\" id=\"\" ><hr \/>\n<h4>ERASMUS<\/h4>\n<\/a><a href=\"https:\/\/www.lum.it\/en\/erasmus-ka220\/\" class=\"blockquote anim_btn red\" id=\"\" ><hr \/>\n<h4>ERASMUS KA220<\/h4>\n<\/a><a href=\"https:\/\/www.lum.it\/en\/progetto-ppi-go\/\" class=\"blockquote anim_btn red\" id=\"\" ><hr \/>\n<h4 style=\"padding-left: 40px;\">PROGETTO PPI GO<\/h4>\n<hr \/>\n<\/a>[\/vc_column_inner][\/vc_row_inner]    <div class=\"\" style=\"min-height: 50px\"><\/div>\n\n\n    [\/vc_column][\/vc_row][\/vc_section][vc_section disable_element=&#8221;yes&#8221; el_class=&#8221;p-0 m-0 piani-di-studio&#8221;][vc_row disable_element=&#8221;yes&#8221; css=&#8221;.vc_custom_1693064457761{padding-top: 0px !important;padding-bottom: 0px !important;}&#8221;][vc_column el_class=&#8221;.q-title-corso&#8221; css=&#8221;.vc_custom_1692616988924{padding-top: 0px !important;padding-bottom: 0px !important;}&#8221;][vc_row_inner equal_height=&#8221;yes&#8221; css=&#8221;.vc_custom_1692616850491{padding-top: 0px !important;padding-bottom: 0px !important;}&#8221;][vc_column_inner width=&#8221;1\/2&#8243; css=&#8221;.vc_custom_1682543418106{padding-top: 20px !important;padding-bottom: 20px !important;}&#8221;][vc_column_text el_class=&#8221;qred m-0&#8243;]<\/p>\n<h1 class=\"colonna1_text auto_margin_left\">Rinnova la tua iscrizione in LUM<\/h1>\n<p>[\/vc_column_text][\/vc_column_inner][vc_column_inner width=&#8221;1\/2&#8243; css=&#8221;.vc_custom_1692616978078{padding-top: 40px !important;padding-right: 40px !important;padding-bottom: 40px !important;padding-left: 40px !important;background-color: #8e193b !important;}&#8221;][vc_column_text css_animation=&#8221;fadeInUp&#8221; el_class=&#8221;qwhite m-0&#8243; css=&#8221;.vc_custom_1692690078223{margin-top: 25px !important;margin-bottom: 25px !important;}&#8221;]<\/p>\n<h2 class=\"colonna2_text auto_margin_right mx-4\">Iscrizioni<\/h2>\n<p>[\/vc_column_text][\/vc_column_inner][\/vc_row_inner][\/vc_column][\/vc_row][\/vc_section]<\/p>\n","protected":false},"excerpt":{"rendered":"<p>[vc_section el_class=&#8221;pl-0 pr-0 bg-gradient&#8221;][vc_row css=&#8221;.vc_custom_1711644235759{background-image: url(https:\/\/www.lum.it\/wp-content\/uploads\/2020\/04\/Erasmus1920x403.jpg?id=9564) !important;background-position: center !important;background-repeat: no-repeat !important;background-size: cover !important;}&#8221; el_class=&#8221;bg-position&#8221;][vc_column][vc_empty_space height=&#8221;400px&#8221;][\/vc_column][\/vc_row][vc_row equal_height=&#8221;yes&#8221; el_class=&#8221;container no-padd-media&#8221; css=&#8221;.vc_custom_1697037331428{margin-bottom: 0px !important;}&#8221;][vc_column offset=&#8221;vc_col-lg-offset-0 vc_col-lg-7 vc_col-md-offset-0 vc_col-md-7 vc_col-sm-offset-0 vc_col-xs-12&#8243; el_class=&#8221;pr-lg-5 pr-0&#8243;][vc_empty_space height=&#8221;35px&#8221;][vc_column_text el_class=&#8221;qred m-0&#8243;] Erasmus program [\/vc_column_text][vc_empty_space height=&#8221;35px&#8221;][vc_column_text css=&#8221;.vc_custom_1711647127710{margin-top: 40px !important;margin-bottom: 20px !important;}&#8221;] Erasmus KA220 I partenariati strategici sono forme di\u00a0cooperazione strutturata\u00a0e\u00a0di lunga duratatra Istituti di Istruzione [&hellip;]<\/p>\n","protected":false},"author":14,"featured_media":0,"parent":0,"menu_order":38,"comment_status":"closed","ping_status":"closed","template":"template-01-builder.php","meta":{"_acf_changed":false,"footnotes":""},"class_list":["post-49608","page","type-page","status-publish","hentry"],"acf":[],"yoast_head":"<!-- This site is optimized with the Yoast SEO Premium plugin v22.9 (Yoast SEO v27.4) - https:\/\/yoast.com\/product\/yoast-seo-premium-wordpress\/ -->\n<title>Erasmus KA220 - LUM<\/title>\n<meta name=\"robots\" content=\"index, follow, max-snippet:-1, max-image-preview:large, max-video-preview:-1\" \/>\n<link rel=\"canonical\" href=\"https:\/\/www.lum.it\/en\/erasmus-ka220\/\" \/>\n<meta property=\"og:locale\" content=\"en_US\" \/>\n<meta property=\"og:type\" content=\"article\" \/>\n<meta property=\"og:title\" content=\"Erasmus KA220\" \/>\n<meta property=\"og:description\" content=\"[vc_section el_class=&#8221;pl-0 pr-0 bg-gradient&#8221;][vc_row css=&#8221;.vc_custom_1711644235759{background-image: url(https:\/\/www.lum.it\/wp-content\/uploads\/2020\/04\/Erasmus1920x403.jpg?id=9564) !important;background-position: center !important;background-repeat: no-repeat !important;background-size: cover !important;}&#8221; el_class=&#8221;bg-position&#8221;][vc_column][vc_empty_space height=&#8221;400px&#8221;][\/vc_column][\/vc_row][vc_row equal_height=&#8221;yes&#8221; el_class=&#8221;container no-padd-media&#8221; css=&#8221;.vc_custom_1697037331428{margin-bottom: 0px !important;}&#8221;][vc_column offset=&#8221;vc_col-lg-offset-0 vc_col-lg-7 vc_col-md-offset-0 vc_col-md-7 vc_col-sm-offset-0 vc_col-xs-12&#8243; el_class=&#8221;pr-lg-5 pr-0&#8243;][vc_empty_space height=&#8221;35px&#8221;][vc_column_text el_class=&#8221;qred m-0&#8243;] Erasmus program [\/vc_column_text][vc_empty_space height=&#8221;35px&#8221;][vc_column_text css=&#8221;.vc_custom_1711647127710{margin-top: 40px !important;margin-bottom: 20px !important;}&#8221;] Erasmus KA220 I partenariati strategici sono forme di\u00a0cooperazione strutturata\u00a0e\u00a0di lunga duratatra Istituti di Istruzione [&hellip;]\" \/>\n<meta property=\"og:url\" content=\"https:\/\/www.lum.it\/en\/erasmus-ka220\/\" \/>\n<meta property=\"og:site_name\" content=\"LUM\" \/>\n<meta property=\"article:publisher\" content=\"https:\/\/www.facebook.com\/uni.lumjm\/\" \/>\n<meta property=\"article:modified_time\" content=\"2024-03-29T11:18:10+00:00\" \/>\n<meta name=\"twitter:card\" content=\"summary_large_image\" \/>\n<meta name=\"twitter:label1\" content=\"Est. reading time\" \/>\n\t<meta name=\"twitter:data1\" content=\"4 minutes\" \/>\n<script type=\"application\/ld+json\" class=\"yoast-schema-graph\">{\"@context\":\"https:\\\/\\\/schema.org\",\"@graph\":[{\"@type\":\"WebPage\",\"@id\":\"https:\\\/\\\/www.lum.it\\\/en\\\/erasmus-ka220\\\/\",\"url\":\"https:\\\/\\\/www.lum.it\\\/en\\\/erasmus-ka220\\\/\",\"name\":\"Erasmus KA220 - LUM\",\"isPartOf\":{\"@id\":\"https:\\\/\\\/www.lum.it\\\/#website\"},\"datePublished\":\"2024-03-28T17:33:58+00:00\",\"dateModified\":\"2024-03-29T11:18:10+00:00\",\"breadcrumb\":{\"@id\":\"https:\\\/\\\/www.lum.it\\\/en\\\/erasmus-ka220\\\/#breadcrumb\"},\"inLanguage\":\"en-US\",\"potentialAction\":[{\"@type\":\"ReadAction\",\"target\":[\"https:\\\/\\\/www.lum.it\\\/en\\\/erasmus-ka220\\\/\"]}]},{\"@type\":\"BreadcrumbList\",\"@id\":\"https:\\\/\\\/www.lum.it\\\/en\\\/erasmus-ka220\\\/#breadcrumb\",\"itemListElement\":[{\"@type\":\"ListItem\",\"position\":1,\"name\":\"LUM\",\"item\":\"https:\\\/\\\/www.lum.it\\\/en\\\/\"},{\"@type\":\"ListItem\",\"position\":2,\"name\":\"Erasmus KA220\"}]},{\"@type\":\"WebSite\",\"@id\":\"https:\\\/\\\/www.lum.it\\\/#website\",\"url\":\"https:\\\/\\\/www.lum.it\\\/\",\"name\":\"LUM Jean Monnet\",\"description\":\"\",\"publisher\":{\"@id\":\"https:\\\/\\\/www.lum.it\\\/#organization\"},\"potentialAction\":[{\"@type\":\"SearchAction\",\"target\":{\"@type\":\"EntryPoint\",\"urlTemplate\":\"https:\\\/\\\/www.lum.it\\\/?s={search_term_string}\"},\"query-input\":{\"@type\":\"PropertyValueSpecification\",\"valueRequired\":true,\"valueName\":\"search_term_string\"}}],\"inLanguage\":\"en-US\"},{\"@type\":\"Organization\",\"@id\":\"https:\\\/\\\/www.lum.it\\\/#organization\",\"name\":\"LUM Jean Monnet\",\"url\":\"https:\\\/\\\/www.lum.it\\\/\",\"logo\":{\"@type\":\"ImageObject\",\"inLanguage\":\"en-US\",\"@id\":\"https:\\\/\\\/www.lum.it\\\/#\\\/schema\\\/logo\\\/image\\\/\",\"url\":\"https:\\\/\\\/www.lum.it\\\/wp-content\\\/uploads\\\/2020\\\/02\\\/logo_color.png\",\"contentUrl\":\"https:\\\/\\\/www.lum.it\\\/wp-content\\\/uploads\\\/2020\\\/02\\\/logo_color.png\",\"width\":403,\"height\":93,\"caption\":\"LUM Jean Monnet\"},\"image\":{\"@id\":\"https:\\\/\\\/www.lum.it\\\/#\\\/schema\\\/logo\\\/image\\\/\"},\"sameAs\":[\"https:\\\/\\\/www.facebook.com\\\/uni.lumjm\\\/\"]}]}<\/script>\n<!-- \/ Yoast SEO Premium plugin. -->","yoast_head_json":{"title":"Erasmus KA220 - LUM","robots":{"index":"index","follow":"follow","max-snippet":"max-snippet:-1","max-image-preview":"max-image-preview:large","max-video-preview":"max-video-preview:-1"},"canonical":"https:\/\/www.lum.it\/en\/erasmus-ka220\/","og_locale":"en_US","og_type":"article","og_title":"Erasmus KA220","og_description":"[vc_section el_class=&#8221;pl-0 pr-0 bg-gradient&#8221;][vc_row css=&#8221;.vc_custom_1711644235759{background-image: url(https:\/\/www.lum.it\/wp-content\/uploads\/2020\/04\/Erasmus1920x403.jpg?id=9564) !important;background-position: center !important;background-repeat: no-repeat !important;background-size: cover !important;}&#8221; el_class=&#8221;bg-position&#8221;][vc_column][vc_empty_space height=&#8221;400px&#8221;][\/vc_column][\/vc_row][vc_row equal_height=&#8221;yes&#8221; el_class=&#8221;container no-padd-media&#8221; css=&#8221;.vc_custom_1697037331428{margin-bottom: 0px !important;}&#8221;][vc_column offset=&#8221;vc_col-lg-offset-0 vc_col-lg-7 vc_col-md-offset-0 vc_col-md-7 vc_col-sm-offset-0 vc_col-xs-12&#8243; el_class=&#8221;pr-lg-5 pr-0&#8243;][vc_empty_space height=&#8221;35px&#8221;][vc_column_text el_class=&#8221;qred m-0&#8243;] Erasmus program [\/vc_column_text][vc_empty_space height=&#8221;35px&#8221;][vc_column_text css=&#8221;.vc_custom_1711647127710{margin-top: 40px !important;margin-bottom: 20px !important;}&#8221;] Erasmus KA220 I partenariati strategici sono forme di\u00a0cooperazione strutturata\u00a0e\u00a0di lunga duratatra Istituti di Istruzione [&hellip;]","og_url":"https:\/\/www.lum.it\/en\/erasmus-ka220\/","og_site_name":"LUM","article_publisher":"https:\/\/www.facebook.com\/uni.lumjm\/","article_modified_time":"2024-03-29T11:18:10+00:00","twitter_card":"summary_large_image","twitter_misc":{"Est. reading time":"4 minutes"},"schema":{"@context":"https:\/\/schema.org","@graph":[{"@type":"WebPage","@id":"https:\/\/www.lum.it\/en\/erasmus-ka220\/","url":"https:\/\/www.lum.it\/en\/erasmus-ka220\/","name":"Erasmus KA220 - LUM","isPartOf":{"@id":"https:\/\/www.lum.it\/#website"},"datePublished":"2024-03-28T17:33:58+00:00","dateModified":"2024-03-29T11:18:10+00:00","breadcrumb":{"@id":"https:\/\/www.lum.it\/en\/erasmus-ka220\/#breadcrumb"},"inLanguage":"en-US","potentialAction":[{"@type":"ReadAction","target":["https:\/\/www.lum.it\/en\/erasmus-ka220\/"]}]},{"@type":"BreadcrumbList","@id":"https:\/\/www.lum.it\/en\/erasmus-ka220\/#breadcrumb","itemListElement":[{"@type":"ListItem","position":1,"name":"LUM","item":"https:\/\/www.lum.it\/en\/"},{"@type":"ListItem","position":2,"name":"Erasmus KA220"}]},{"@type":"WebSite","@id":"https:\/\/www.lum.it\/#website","url":"https:\/\/www.lum.it\/","name":"LUM Jean Monnet","description":"","publisher":{"@id":"https:\/\/www.lum.it\/#organization"},"potentialAction":[{"@type":"SearchAction","target":{"@type":"EntryPoint","urlTemplate":"https:\/\/www.lum.it\/?s={search_term_string}"},"query-input":{"@type":"PropertyValueSpecification","valueRequired":true,"valueName":"search_term_string"}}],"inLanguage":"en-US"},{"@type":"Organization","@id":"https:\/\/www.lum.it\/#organization","name":"LUM Jean Monnet","url":"https:\/\/www.lum.it\/","logo":{"@type":"ImageObject","inLanguage":"en-US","@id":"https:\/\/www.lum.it\/#\/schema\/logo\/image\/","url":"https:\/\/www.lum.it\/wp-content\/uploads\/2020\/02\/logo_color.png","contentUrl":"https:\/\/www.lum.it\/wp-content\/uploads\/2020\/02\/logo_color.png","width":403,"height":93,"caption":"LUM Jean Monnet"},"image":{"@id":"https:\/\/www.lum.it\/#\/schema\/logo\/image\/"},"sameAs":["https:\/\/www.facebook.com\/uni.lumjm\/"]}]}},"_links":{"self":[{"href":"https:\/\/www.lum.it\/en\/wp-json\/wp\/v2\/pages\/49608","targetHints":{"allow":["GET"]}}],"collection":[{"href":"https:\/\/www.lum.it\/en\/wp-json\/wp\/v2\/pages"}],"about":[{"href":"https:\/\/www.lum.it\/en\/wp-json\/wp\/v2\/types\/page"}],"author":[{"embeddable":true,"href":"https:\/\/www.lum.it\/en\/wp-json\/wp\/v2\/users\/14"}],"replies":[{"embeddable":true,"href":"https:\/\/www.lum.it\/en\/wp-json\/wp\/v2\/comments?post=49608"}],"version-history":[{"count":6,"href":"https:\/\/www.lum.it\/en\/wp-json\/wp\/v2\/pages\/49608\/revisions"}],"predecessor-version":[{"id":49660,"href":"https:\/\/www.lum.it\/en\/wp-json\/wp\/v2\/pages\/49608\/revisions\/49660"}],"wp:attachment":[{"href":"https:\/\/www.lum.it\/en\/wp-json\/wp\/v2\/media?parent=49608"}],"curies":[{"name":"wp","href":"https:\/\/api.w.org\/{rel}","templated":true}]}}