{"id":36742,"date":"2020-09-14T16:45:26","date_gmt":"2020-09-14T14:45:26","guid":{"rendered":"https:\/\/www.lum.it\/international-mobility-erasmus\/"},"modified":"2024-03-29T12:18:27","modified_gmt":"2024-03-29T11:18:27","slug":"international-mobility-erasmus","status":"publish","type":"page","link":"https:\/\/www.lum.it\/en\/international-mobility-erasmus\/","title":{"rendered":"International Mobility solo Erasmus"},"content":{"rendered":"<p>[vc_section el_class=&#8221;pl-0 pr-0 bg-gradient&#8221;][vc_row css=&#8221;.vc_custom_1711644235759{background-image: url(https:\/\/www.lum.it\/wp-content\/uploads\/2020\/04\/Erasmus1920x403.jpg?id=9564) !important;background-position: center !important;background-repeat: no-repeat !important;background-size: cover !important;}&#8221; el_class=&#8221;bg-position&#8221;][vc_column][vc_empty_space height=&#8221;400px&#8221;][\/vc_column][\/vc_row][vc_row equal_height=&#8221;yes&#8221; el_class=&#8221;container no-padd-media swap-on-mobile&#8221; css=&#8221;.vc_custom_1711701553331{margin-bottom: 0px !important;padding-bottom: 0px !important;}&#8221;][vc_column offset=&#8221;vc_col-lg-offset-0 vc_col-lg-7 vc_col-md-offset-0 vc_col-md-7 vc_col-sm-offset-0 vc_col-xs-12&#8243; el_class=&#8221;pr-lg-5 pr-0&#8243;][vc_empty_space height=&#8221;35px&#8221;][vc_column_text el_class=&#8221;qred m-0&#8243;]<\/p>\n<h1>Erasmus program<\/h1>\n<p>[\/vc_column_text][vc_empty_space height=&#8221;35px&#8221;][vc_column_text css=&#8221;.vc_custom_1711701171228{margin-top: 40px !important;margin-bottom: 20px !important;}&#8221;]<\/p>\n<h3 class=\"titolo_tab\">ERASMUS<\/h3>\n<p class=\"western\">Erasmus: la grande opportunit\u00e0 di mobilit\u00e0 studentesca per ampliare le conoscenze e la rete di relazioni. In questa sezione trovi le opportunit\u00e0 di trascorrere un periodo di studio presso uno dei paesi partecipanti al Programma attivato dall\u2019Universit\u00e0, le possibilit\u00e0 di studiare in Italia e le esperienze di chi ha scelto la formazione all\u2019estero.<\/p>\n<p>[\/vc_column_text][vc_empty_space height=&#8221;35px&#8221;][vc_column_text el_class=&#8221;qred red&#8221;]<\/p>\n<h3>Student solutions<\/h3>\n<p>[\/vc_column_text][vc_row_inner css=&#8221;.vc_custom_1711704804009{margin-top: 30px !important;padding-top: 20px !important;padding-bottom: 20px !important;}&#8221;][vc_column_inner el_class=&#8221;text-center&#8221; width=&#8221;1\/3&#8243;]                <a href=\"https:\/\/www.lum.it\/international-mobility\/outgoing-students\" class=\"d-flex justify-content-center text-center align-items-center mh1 hover-img  border-0 rounded-0 \" style=\"min-height:200px; background:url(https:\/\/www.lum.it\/wp-content\/uploads\/2024\/03\/unnamed.jpg)\">\n            <div class=\"overlay\"><\/div>\n                <h5 class=\"mt-2\" style=\"z-index:2; color: #ffffff\">Outgoing students<\/h5>\n            \n        <\/a>\n            [\/vc_column_inner][vc_column_inner el_class=&#8221;text-center&#8221; width=&#8221;1\/3&#8243;]                <a href=\"https:\/\/www.lum.it\/international-mobility\/incoming-students\" class=\"d-flex justify-content-center text-center align-items-center mh1 hover-img  border-0 rounded-0 \" style=\"min-height:200px; background:url(https:\/\/www.lum.it\/wp-content\/uploads\/2024\/03\/istockphoto-1361844238-612x612-1-e1711704730842.jpg)\">\n            <div class=\"overlay\"><\/div>\n                <h5 class=\"mt-2\" style=\"z-index:2; color: #ffffff\">Incoming students<\/h5>\n            \n        <\/a>\n            [\/vc_column_inner][vc_column_inner el_class=&#8221;text-center&#8221; width=&#8221;1\/3&#8243;]                <a href=\"https:\/\/www.lum.it\/staff-mobility\/\" class=\"d-flex justify-content-center text-center align-items-center mh1 hover-img  border-0 rounded-0 \" style=\"min-height:200px; background:url(https:\/\/www.lum.it\/wp-content\/uploads\/2024\/03\/istockphoto-1351445530-612x612-1-e1711704778225.jpg)\">\n            <div class=\"overlay\"><\/div>\n                <h5 class=\"mt-2\" style=\"z-index:2; color: #ffffff\">LUM Staff Mobility<\/h5>\n            \n        <\/a>\n            [\/vc_column_inner][\/vc_row_inner][vc_empty_space height=&#8221;35px&#8221;][\/vc_column][vc_column css=&#8221;.vc_custom_1711701556986{background-color: #f0f0f3 !important;}&#8221; offset=&#8221;vc_col-lg-5 vc_col-md-5 vc_col-xs-12&#8243;]    <div class=\"d-none d-md-block\" style=\"min-height: 75px\"><\/div>\n\n\n    [vc_row_inner css=&#8221;.vc_custom_1711701562095{margin-top: 0px !important;margin-right: 0px !important;margin-left: 0px !important;padding-right: 35px !important;padding-left: 25px !important;}&#8221; el_class=&#8221;pt-5 pt-md-0 sticky-row form-ridotto pl-0 pr-0&#8243;][vc_column_inner width=&#8221;2\/3&#8243; css=&#8221;.vc_custom_1711701548717{margin-top: 0px !important;margin-bottom: 0px !important;padding-right: 20px !important;padding-left: 20px !important;}&#8221;]<a href=\"https:\/\/www.lum.it\/en\/international-mobility-erasmus\/\" class=\"blockquote anim_btn red\" id=\"\" ><hr \/>\n<h4><strong>ERASMUS<\/strong><\/h4>\n<\/a><a href=\"https:\/\/www.lum.it\/en\/erasmus-ka220\/\" class=\"blockquote anim_btn red\" id=\"\" ><hr \/>\n<h4><strong>ERASMUS KA220<\/strong><\/h4>\n<\/a><a href=\"https:\/\/www.lum.it\/en\/progetto-ppi-go\/\" class=\"blockquote anim_btn red\" id=\"\" ><hr \/>\n<h4 style=\"padding-left: 40px;\"><strong>PROGETTO PPI GO<\/strong><\/h4>\n<hr \/>\n<\/a>[\/vc_column_inner][vc_column_inner width=&#8221;1\/3&#8243;][\/vc_column_inner][\/vc_row_inner]    <div class=\"\" style=\"min-height: 50px\"><\/div>\n\n\n    [\/vc_column][\/vc_row][\/vc_section][vc_section disable_element=&#8221;yes&#8221; el_class=&#8221;p-0 m-0 piani-di-studio&#8221;][vc_row disable_element=&#8221;yes&#8221; css=&#8221;.vc_custom_1693064457761{padding-top: 0px !important;padding-bottom: 0px !important;}&#8221;][vc_column el_class=&#8221;.q-title-corso&#8221; css=&#8221;.vc_custom_1692616988924{padding-top: 0px !important;padding-bottom: 0px !important;}&#8221;][vc_row_inner equal_height=&#8221;yes&#8221; css=&#8221;.vc_custom_1692616850491{padding-top: 0px !important;padding-bottom: 0px !important;}&#8221;][vc_column_inner width=&#8221;1\/2&#8243; css=&#8221;.vc_custom_1682543418106{padding-top: 20px !important;padding-bottom: 20px !important;}&#8221;][vc_column_text el_class=&#8221;qred m-0&#8243;]<\/p>\n<h1 class=\"colonna1_text auto_margin_left\">Rinnova la tua iscrizione in LUM<\/h1>\n<p>[\/vc_column_text][\/vc_column_inner][vc_column_inner width=&#8221;1\/2&#8243; css=&#8221;.vc_custom_1692616978078{padding-top: 40px !important;padding-right: 40px !important;padding-bottom: 40px !important;padding-left: 40px !important;background-color: #8e193b !important;}&#8221;][vc_column_text css_animation=&#8221;fadeInUp&#8221; el_class=&#8221;qwhite m-0&#8243; css=&#8221;.vc_custom_1692690078223{margin-top: 25px !important;margin-bottom: 25px !important;}&#8221;]<\/p>\n<h2 class=\"colonna2_text auto_margin_right mx-4\">Iscrizioni<\/h2>\n<p>[\/vc_column_text][\/vc_column_inner][\/vc_row_inner][\/vc_column][\/vc_row][\/vc_section]<\/p>\n","protected":false},"excerpt":{"rendered":"<p>[vc_section el_class=&#8221;pl-0 pr-0 bg-gradient&#8221;][vc_row css=&#8221;.vc_custom_1711644235759{background-image: url(https:\/\/www.lum.it\/wp-content\/uploads\/2020\/04\/Erasmus1920x403.jpg?id=9564) !important;background-position: center !important;background-repeat: no-repeat !important;background-size: cover !important;}&#8221; el_class=&#8221;bg-position&#8221;][vc_column][vc_empty_space height=&#8221;400px&#8221;][\/vc_column][\/vc_row][vc_row equal_height=&#8221;yes&#8221; el_class=&#8221;container no-padd-media swap-on-mobile&#8221; css=&#8221;.vc_custom_1711701553331{margin-bottom: 0px !important;padding-bottom: 0px !important;}&#8221;][vc_column offset=&#8221;vc_col-lg-offset-0 vc_col-lg-7 vc_col-md-offset-0 vc_col-md-7 vc_col-sm-offset-0 vc_col-xs-12&#8243; el_class=&#8221;pr-lg-5 pr-0&#8243;][vc_empty_space height=&#8221;35px&#8221;][vc_column_text el_class=&#8221;qred m-0&#8243;] Erasmus program [\/vc_column_text][vc_empty_space height=&#8221;35px&#8221;][vc_column_text css=&#8221;.vc_custom_1711701171228{margin-top: 40px !important;margin-bottom: 20px !important;}&#8221;] ERASMUS Erasmus: la grande opportunit\u00e0 di mobilit\u00e0 studentesca per ampliare le [&hellip;]<\/p>\n","protected":false},"author":6,"featured_media":0,"parent":0,"menu_order":466,"comment_status":"closed","ping_status":"closed","template":"template-01-builder.php","meta":{"_acf_changed":false,"footnotes":""},"class_list":["post-36742","page","type-page","status-publish","hentry"],"acf":[],"yoast_head":"<!-- This site is optimized with the Yoast SEO Premium plugin v22.9 (Yoast SEO v27.3) - https:\/\/yoast.com\/product\/yoast-seo-premium-wordpress\/ -->\n<title>International Mobility solo Erasmus - LUM<\/title>\n<meta name=\"robots\" content=\"index, follow, max-snippet:-1, max-image-preview:large, max-video-preview:-1\" \/>\n<link rel=\"canonical\" href=\"https:\/\/www.lum.it\/en\/international-mobility-erasmus\/\" \/>\n<meta property=\"og:locale\" content=\"en_US\" \/>\n<meta property=\"og:type\" content=\"article\" \/>\n<meta property=\"og:title\" content=\"International Mobility solo Erasmus\" \/>\n<meta property=\"og:description\" content=\"[vc_section el_class=&#8221;pl-0 pr-0 bg-gradient&#8221;][vc_row css=&#8221;.vc_custom_1711644235759{background-image: url(https:\/\/www.lum.it\/wp-content\/uploads\/2020\/04\/Erasmus1920x403.jpg?id=9564) !important;background-position: center !important;background-repeat: no-repeat !important;background-size: cover !important;}&#8221; el_class=&#8221;bg-position&#8221;][vc_column][vc_empty_space height=&#8221;400px&#8221;][\/vc_column][\/vc_row][vc_row equal_height=&#8221;yes&#8221; el_class=&#8221;container no-padd-media swap-on-mobile&#8221; css=&#8221;.vc_custom_1711701553331{margin-bottom: 0px !important;padding-bottom: 0px !important;}&#8221;][vc_column offset=&#8221;vc_col-lg-offset-0 vc_col-lg-7 vc_col-md-offset-0 vc_col-md-7 vc_col-sm-offset-0 vc_col-xs-12&#8243; el_class=&#8221;pr-lg-5 pr-0&#8243;][vc_empty_space height=&#8221;35px&#8221;][vc_column_text el_class=&#8221;qred m-0&#8243;] Erasmus program [\/vc_column_text][vc_empty_space height=&#8221;35px&#8221;][vc_column_text css=&#8221;.vc_custom_1711701171228{margin-top: 40px !important;margin-bottom: 20px !important;}&#8221;] ERASMUS Erasmus: la grande opportunit\u00e0 di mobilit\u00e0 studentesca per ampliare le [&hellip;]\" \/>\n<meta property=\"og:url\" content=\"https:\/\/www.lum.it\/en\/international-mobility-erasmus\/\" \/>\n<meta property=\"og:site_name\" content=\"LUM\" \/>\n<meta property=\"article:publisher\" content=\"https:\/\/www.facebook.com\/uni.lumjm\/\" \/>\n<meta property=\"article:modified_time\" content=\"2024-03-29T11:18:27+00:00\" \/>\n<meta name=\"twitter:card\" content=\"summary_large_image\" \/>\n<meta name=\"twitter:label1\" content=\"Est. reading time\" \/>\n\t<meta name=\"twitter:data1\" content=\"2 minutes\" \/>\n<script type=\"application\/ld+json\" class=\"yoast-schema-graph\">{\"@context\":\"https:\\\/\\\/schema.org\",\"@graph\":[{\"@type\":\"WebPage\",\"@id\":\"https:\\\/\\\/www.lum.it\\\/en\\\/international-mobility-erasmus\\\/\",\"url\":\"https:\\\/\\\/www.lum.it\\\/en\\\/international-mobility-erasmus\\\/\",\"name\":\"International Mobility solo Erasmus - LUM\",\"isPartOf\":{\"@id\":\"https:\\\/\\\/www.lum.it\\\/#website\"},\"datePublished\":\"2020-09-14T14:45:26+00:00\",\"dateModified\":\"2024-03-29T11:18:27+00:00\",\"breadcrumb\":{\"@id\":\"https:\\\/\\\/www.lum.it\\\/en\\\/international-mobility-erasmus\\\/#breadcrumb\"},\"inLanguage\":\"en-US\",\"potentialAction\":[{\"@type\":\"ReadAction\",\"target\":[\"https:\\\/\\\/www.lum.it\\\/en\\\/international-mobility-erasmus\\\/\"]}]},{\"@type\":\"BreadcrumbList\",\"@id\":\"https:\\\/\\\/www.lum.it\\\/en\\\/international-mobility-erasmus\\\/#breadcrumb\",\"itemListElement\":[{\"@type\":\"ListItem\",\"position\":1,\"name\":\"LUM\",\"item\":\"https:\\\/\\\/www.lum.it\\\/en\\\/\"},{\"@type\":\"ListItem\",\"position\":2,\"name\":\"International Mobility solo Erasmus\"}]},{\"@type\":\"WebSite\",\"@id\":\"https:\\\/\\\/www.lum.it\\\/#website\",\"url\":\"https:\\\/\\\/www.lum.it\\\/\",\"name\":\"LUM Jean Monnet\",\"description\":\"\",\"publisher\":{\"@id\":\"https:\\\/\\\/www.lum.it\\\/#organization\"},\"potentialAction\":[{\"@type\":\"SearchAction\",\"target\":{\"@type\":\"EntryPoint\",\"urlTemplate\":\"https:\\\/\\\/www.lum.it\\\/?s={search_term_string}\"},\"query-input\":{\"@type\":\"PropertyValueSpecification\",\"valueRequired\":true,\"valueName\":\"search_term_string\"}}],\"inLanguage\":\"en-US\"},{\"@type\":\"Organization\",\"@id\":\"https:\\\/\\\/www.lum.it\\\/#organization\",\"name\":\"LUM Jean Monnet\",\"url\":\"https:\\\/\\\/www.lum.it\\\/\",\"logo\":{\"@type\":\"ImageObject\",\"inLanguage\":\"en-US\",\"@id\":\"https:\\\/\\\/www.lum.it\\\/#\\\/schema\\\/logo\\\/image\\\/\",\"url\":\"https:\\\/\\\/www.lum.it\\\/wp-content\\\/uploads\\\/2020\\\/02\\\/logo_color.png\",\"contentUrl\":\"https:\\\/\\\/www.lum.it\\\/wp-content\\\/uploads\\\/2020\\\/02\\\/logo_color.png\",\"width\":403,\"height\":93,\"caption\":\"LUM Jean Monnet\"},\"image\":{\"@id\":\"https:\\\/\\\/www.lum.it\\\/#\\\/schema\\\/logo\\\/image\\\/\"},\"sameAs\":[\"https:\\\/\\\/www.facebook.com\\\/uni.lumjm\\\/\"]}]}<\/script>\n<!-- \/ Yoast SEO Premium plugin. -->","yoast_head_json":{"title":"International Mobility solo Erasmus - LUM","robots":{"index":"index","follow":"follow","max-snippet":"max-snippet:-1","max-image-preview":"max-image-preview:large","max-video-preview":"max-video-preview:-1"},"canonical":"https:\/\/www.lum.it\/en\/international-mobility-erasmus\/","og_locale":"en_US","og_type":"article","og_title":"International Mobility solo Erasmus","og_description":"[vc_section el_class=&#8221;pl-0 pr-0 bg-gradient&#8221;][vc_row css=&#8221;.vc_custom_1711644235759{background-image: url(https:\/\/www.lum.it\/wp-content\/uploads\/2020\/04\/Erasmus1920x403.jpg?id=9564) !important;background-position: center !important;background-repeat: no-repeat !important;background-size: cover !important;}&#8221; el_class=&#8221;bg-position&#8221;][vc_column][vc_empty_space height=&#8221;400px&#8221;][\/vc_column][\/vc_row][vc_row equal_height=&#8221;yes&#8221; el_class=&#8221;container no-padd-media swap-on-mobile&#8221; css=&#8221;.vc_custom_1711701553331{margin-bottom: 0px !important;padding-bottom: 0px !important;}&#8221;][vc_column offset=&#8221;vc_col-lg-offset-0 vc_col-lg-7 vc_col-md-offset-0 vc_col-md-7 vc_col-sm-offset-0 vc_col-xs-12&#8243; el_class=&#8221;pr-lg-5 pr-0&#8243;][vc_empty_space height=&#8221;35px&#8221;][vc_column_text el_class=&#8221;qred m-0&#8243;] Erasmus program [\/vc_column_text][vc_empty_space height=&#8221;35px&#8221;][vc_column_text css=&#8221;.vc_custom_1711701171228{margin-top: 40px !important;margin-bottom: 20px !important;}&#8221;] ERASMUS Erasmus: la grande opportunit\u00e0 di mobilit\u00e0 studentesca per ampliare le [&hellip;]","og_url":"https:\/\/www.lum.it\/en\/international-mobility-erasmus\/","og_site_name":"LUM","article_publisher":"https:\/\/www.facebook.com\/uni.lumjm\/","article_modified_time":"2024-03-29T11:18:27+00:00","twitter_card":"summary_large_image","twitter_misc":{"Est. reading time":"2 minutes"},"schema":{"@context":"https:\/\/schema.org","@graph":[{"@type":"WebPage","@id":"https:\/\/www.lum.it\/en\/international-mobility-erasmus\/","url":"https:\/\/www.lum.it\/en\/international-mobility-erasmus\/","name":"International Mobility solo Erasmus - LUM","isPartOf":{"@id":"https:\/\/www.lum.it\/#website"},"datePublished":"2020-09-14T14:45:26+00:00","dateModified":"2024-03-29T11:18:27+00:00","breadcrumb":{"@id":"https:\/\/www.lum.it\/en\/international-mobility-erasmus\/#breadcrumb"},"inLanguage":"en-US","potentialAction":[{"@type":"ReadAction","target":["https:\/\/www.lum.it\/en\/international-mobility-erasmus\/"]}]},{"@type":"BreadcrumbList","@id":"https:\/\/www.lum.it\/en\/international-mobility-erasmus\/#breadcrumb","itemListElement":[{"@type":"ListItem","position":1,"name":"LUM","item":"https:\/\/www.lum.it\/en\/"},{"@type":"ListItem","position":2,"name":"International Mobility solo Erasmus"}]},{"@type":"WebSite","@id":"https:\/\/www.lum.it\/#website","url":"https:\/\/www.lum.it\/","name":"LUM Jean Monnet","description":"","publisher":{"@id":"https:\/\/www.lum.it\/#organization"},"potentialAction":[{"@type":"SearchAction","target":{"@type":"EntryPoint","urlTemplate":"https:\/\/www.lum.it\/?s={search_term_string}"},"query-input":{"@type":"PropertyValueSpecification","valueRequired":true,"valueName":"search_term_string"}}],"inLanguage":"en-US"},{"@type":"Organization","@id":"https:\/\/www.lum.it\/#organization","name":"LUM Jean Monnet","url":"https:\/\/www.lum.it\/","logo":{"@type":"ImageObject","inLanguage":"en-US","@id":"https:\/\/www.lum.it\/#\/schema\/logo\/image\/","url":"https:\/\/www.lum.it\/wp-content\/uploads\/2020\/02\/logo_color.png","contentUrl":"https:\/\/www.lum.it\/wp-content\/uploads\/2020\/02\/logo_color.png","width":403,"height":93,"caption":"LUM Jean Monnet"},"image":{"@id":"https:\/\/www.lum.it\/#\/schema\/logo\/image\/"},"sameAs":["https:\/\/www.facebook.com\/uni.lumjm\/"]}]}},"_links":{"self":[{"href":"https:\/\/www.lum.it\/en\/wp-json\/wp\/v2\/pages\/36742","targetHints":{"allow":["GET"]}}],"collection":[{"href":"https:\/\/www.lum.it\/en\/wp-json\/wp\/v2\/pages"}],"about":[{"href":"https:\/\/www.lum.it\/en\/wp-json\/wp\/v2\/types\/page"}],"author":[{"embeddable":true,"href":"https:\/\/www.lum.it\/en\/wp-json\/wp\/v2\/users\/6"}],"replies":[{"embeddable":true,"href":"https:\/\/www.lum.it\/en\/wp-json\/wp\/v2\/comments?post=36742"}],"version-history":[{"count":43,"href":"https:\/\/www.lum.it\/en\/wp-json\/wp\/v2\/pages\/36742\/revisions"}],"predecessor-version":[{"id":49661,"href":"https:\/\/www.lum.it\/en\/wp-json\/wp\/v2\/pages\/36742\/revisions\/49661"}],"wp:attachment":[{"href":"https:\/\/www.lum.it\/en\/wp-json\/wp\/v2\/media?parent=36742"}],"curies":[{"name":"wp","href":"https:\/\/api.w.org\/{rel}","templated":true}]}}