{"id":24207,"date":"2021-06-26T17:36:35","date_gmt":"2021-06-26T15:36:35","guid":{"rendered":"https:\/\/www.lum.it\/?page_id=24207"},"modified":"2023-11-02T13:17:38","modified_gmt":"2023-11-02T12:17:38","slug":"indiana-university-maurer-school-of-law","status":"publish","type":"page","link":"https:\/\/www.lum.it\/en\/indiana-university-maurer-school-of-law\/","title":{"rendered":"Indiana University &#8211; Maurer School of Law"},"content":{"rendered":"<p>[vc_row][vc_column]\n\t\t\t<!-- START indiana REVOLUTION SLIDER 6.5.20 --><p class=\"rs-p-wp-fix\"><\/p>\n\t\t\t<rs-module-wrap id=\"rev_slider_19_1_wrapper\" data-source=\"gallery\" style=\"visibility:hidden;background:transparent;padding:0;margin:0px auto;margin-top:0;margin-bottom:0;\">\n\t\t\t\t<rs-module id=\"rev_slider_19_1\" style=\"\" data-version=\"6.5.20\">\n\t\t\t\t\t<rs-slides>\n\t\t\t\t\t\t<rs-slide style=\"position: absolute;\" data-key=\"rs-47\" data-title=\"Slide\" data-in=\"o:0;\" data-out=\"a:false;\">\n\t\t\t\t\t\t\t<img loading=\"lazy\" decoding=\"async\" src=\"\/\/www.lum.it\/wp-content\/plugins\/revslider\/public\/assets\/assets\/dummy.png\" alt=\"\" title=\"indiana\" width=\"1920\" height=\"403\" class=\"rev-slidebg tp-rs-img rs-lazyload\" data-lazyload=\"\/\/www.lum.it\/wp-content\/uploads\/2023\/10\/indiana.png\" data-no-retina>\n<!---->\t\t\t\t\t\t<\/rs-slide>\n\t\t\t\t\t<\/rs-slides>\n\t\t\t\t<\/rs-module>\n\t\t\t\t<script>\n\t\t\t\t\tsetREVStartSize({c: 'rev_slider_19_1',rl:[1240,1024,778,480],el:[430],gw:[1920],gh:[430],type:'standard',justify:'',layout:'fullwidth',mh:\"0\"});if (window.RS_MODULES!==undefined && window.RS_MODULES.modules!==undefined && window.RS_MODULES.modules[\"revslider191\"]!==undefined) {window.RS_MODULES.modules[\"revslider191\"].once = false;window.revapi19 = undefined;if (window.RS_MODULES.checkMinimal!==undefined) window.RS_MODULES.checkMinimal()}\n\t\t\t\t<\/script>\n\t\t\t<\/rs-module-wrap>\n\t\t\t<!-- END REVOLUTION SLIDER -->\n[vc_empty_space][\/vc_column][\/vc_row][vc_row][vc_column][vc_column_text]<\/p>\n<p style=\"text-align: justify;\">Possono partecipare al programma 4+1 gli studenti e le studentesse dell&#8217;Universit\u00e0 LUM iscritti\/e almeno al <strong>IV anno<\/strong> (V al momento della partenza) del corso di Laurea magistrale a ciclo unico in Giurisprudenza.<\/p>\n<p style=\"text-align: justify;\">L\u2019accordo stipulato con l&#8217;Indiana University prevede la possibilit\u00e0 per gli\/le studenti\/esse LUM di conseguire, al termine di due semestri di mobilit\u00e0 presso la Maurer Law School <strong>a tariffa ridotta del 50%<\/strong>, anche il titolo americano di\u00a0<strong>LL.M,<\/strong>\u00a0valido negli States per il superamento del\u00a0<strong>BAR exam<\/strong>\u00a0per l&#8217;esercizio della professione legale in alcuni stati.<\/p>\n<p style=\"text-align: justify;\">Il conseguimento del titolo di LL.M. presso un\u2019universit\u00e0 accreditata dall\u2019American Bar Association permette anche di partecipare al <strong>Bar Exam\u00a0<\/strong>e di esercitare la<strong> professione di avvocato <\/strong>in diversi stati americani tra cui New York e California.<\/p>\n<p><br><\/p>\n<p style=\"text-align: justify;\"><span style=\"color: #993300;\"><strong>Requisiti<\/strong><\/span><\/p>\n<ul style=\"text-align: justify;\">\n<li>avere almeno\u00a0<strong>240 crediti registrati<\/strong><\/li>\n<li>concludere entro la deadline indicata dai partner americani (solitamente il mese di aprile precedente alla mobilit\u00e0) l&#8217;iter di ammissione,\u00a0che comporta l&#8217;invio della seguente documentazione:<br \/>\n1. certificazione della lingua inglese di livello avanzato (TOEFL, IELTS o C1 del QCER)<br \/>\n2. due Lettere di Raccomandazione da docenti LUM<br \/>\n3. Trascript of records in inglese degli esami sostenuti e da sostenere\u200bavere<br \/>\nUna volta formalmente ammesso dalla Maurer School of Law, lo\/a studente\/essa ricever\u00e0 l&#8217;admission package con tutte le informazioni necessarie e, appena confermata la volont\u00e0 a prendere parte al programma, verr\u00e0 inviato il modulo I-20 per la richiesta dello student visa.<\/li>\n<\/ul>\n<p><br><\/p>\n<p style=\"text-align: justify;\"><strong><span style=\"color: #993300;\">Durata della mobilit\u00e0<\/span><\/strong><\/p>\n<p style=\"text-align: justify;\">2 semestri. Gli studenti dell&#8217;Universit\u00e0 LUM dovranno partecipare alle attivit\u00e0 di orientamento e completare con successo il percorso stabilito (pari ad almeno<strong>\u00a024 US credits<\/strong>).<\/p>\n<p><br><\/p>\n<p style=\"text-align: justify;\"><strong><span style=\"color: #993300;\">Piano di studi<\/span><\/strong><\/p>\n<p style=\"text-align: justify;\">Il piano degli studi individuale (<strong>Learning agreement<\/strong>) deve essere concordato con i propri referenti accademici presso LUM e presso l\u2019Ateneo partner entro il mese di marzo.\u00a0 Nell&#8217;agosto immediatamente precedente il primo semestre del LL.M. ci sar\u00e0 sia una sessione di orientamento internazionale che un orientamento.<\/p>\n<p><br><\/p>\n<p style=\"text-align: justify;\"><strong><span style=\"color: #993300;\">Tasse Universitarie<\/span><\/strong><\/p>\n<p style=\"text-align: justify;\">Lo\/a studente\/essa, che partecipa al programma 4+1,\u00a0 \u00e8 tenuto\/a a pagare le tasse universitarie sia della LUM che della Indiana University per l&#8217;anno di scambio (5 anno). L&#8217;accordo stipulato con l&#8217;Indiana University garantisce agli studenti LUM una <strong>riduzione delle fees del 50%.\u00a0<\/strong><\/p>\n<p style=\"text-align: justify;\">Al termine del percorso doppio titolo gli\/le studenti\/esse ottengono due diplomi distinti di secondo ciclo:<\/p>\n<ul>\n<li style=\"text-align: justify;\">da LUM: <strong>Laurea Magistrale in Giurisprudenza<\/strong><\/li>\n<li style=\"text-align: justify;\">da Indiana University: <strong>Master of Laws<\/strong> (LL.M. degree)<\/li>\n<\/ul>\n<p><br><\/p>\n<p>Per info:<\/p>\n<p><a href=\"guida@lum.it\">prof. Patrizia Guida<\/a>, Pro-rettrice all&#8217;Internazionalizzazione<\/p>\n<p><a href=\"orientamento@lum.it\">Ufficio Orientamento<\/a>[\/vc_column_text][\/vc_column][\/vc_row]<\/p>\n","protected":false},"excerpt":{"rendered":"<p>[vc_row][vc_column][vc_empty_space][\/vc_column][\/vc_row][vc_row][vc_column][vc_column_text] Possono partecipare al programma 4+1 gli studenti e le studentesse dell&#8217;Universit\u00e0 LUM iscritti\/e almeno al IV anno (V al momento della partenza) del corso di Laurea magistrale a ciclo unico in Giurisprudenza. L\u2019accordo stipulato con l&#8217;Indiana University prevede la possibilit\u00e0 per gli\/le studenti\/esse LUM di conseguire, al termine di due semestri di mobilit\u00e0 presso [&hellip;]<\/p>\n","protected":false},"author":6,"featured_media":0,"parent":0,"menu_order":139,"comment_status":"closed","ping_status":"closed","template":"template-02-builder.php","meta":{"_acf_changed":false,"footnotes":""},"class_list":["post-24207","page","type-page","status-publish","hentry"],"acf":[],"yoast_head":"<!-- This site is optimized with the Yoast SEO Premium plugin v22.9 (Yoast SEO v27.3) - https:\/\/yoast.com\/product\/yoast-seo-premium-wordpress\/ -->\n<title>Indiana University - Maurer School of Law - LUM<\/title>\n<meta name=\"robots\" content=\"index, follow, max-snippet:-1, max-image-preview:large, max-video-preview:-1\" \/>\n<link rel=\"canonical\" href=\"https:\/\/www.lum.it\/en\/indiana-university-maurer-school-of-law\/\" \/>\n<meta property=\"og:locale\" content=\"en_US\" \/>\n<meta property=\"og:type\" content=\"article\" \/>\n<meta property=\"og:title\" content=\"Indiana University - Maurer School of Law\" \/>\n<meta property=\"og:description\" content=\"[vc_row][vc_column][vc_empty_space][\/vc_column][\/vc_row][vc_row][vc_column][vc_column_text] Possono partecipare al programma 4+1 gli studenti e le studentesse dell&#8217;Universit\u00e0 LUM iscritti\/e almeno al IV anno (V al momento della partenza) del corso di Laurea magistrale a ciclo unico in Giurisprudenza. L\u2019accordo stipulato con l&#8217;Indiana University prevede la possibilit\u00e0 per gli\/le studenti\/esse LUM di conseguire, al termine di due semestri di mobilit\u00e0 presso [&hellip;]\" \/>\n<meta property=\"og:url\" content=\"https:\/\/www.lum.it\/en\/indiana-university-maurer-school-of-law\/\" \/>\n<meta property=\"og:site_name\" content=\"LUM\" \/>\n<meta property=\"article:publisher\" content=\"https:\/\/www.facebook.com\/uni.lumjm\/\" \/>\n<meta property=\"article:modified_time\" content=\"2023-11-02T12:17:38+00:00\" \/>\n<meta name=\"twitter:card\" content=\"summary_large_image\" \/>\n<meta name=\"twitter:label1\" content=\"Est. reading time\" \/>\n\t<meta name=\"twitter:data1\" content=\"3 minutes\" \/>\n<script type=\"application\/ld+json\" class=\"yoast-schema-graph\">{\"@context\":\"https:\\\/\\\/schema.org\",\"@graph\":[{\"@type\":\"WebPage\",\"@id\":\"https:\\\/\\\/www.lum.it\\\/en\\\/indiana-university-maurer-school-of-law\\\/\",\"url\":\"https:\\\/\\\/www.lum.it\\\/en\\\/indiana-university-maurer-school-of-law\\\/\",\"name\":\"Indiana University - Maurer School of Law - LUM\",\"isPartOf\":{\"@id\":\"https:\\\/\\\/www.lum.it\\\/#website\"},\"datePublished\":\"2021-06-26T15:36:35+00:00\",\"dateModified\":\"2023-11-02T12:17:38+00:00\",\"breadcrumb\":{\"@id\":\"https:\\\/\\\/www.lum.it\\\/en\\\/indiana-university-maurer-school-of-law\\\/#breadcrumb\"},\"inLanguage\":\"en-US\",\"potentialAction\":[{\"@type\":\"ReadAction\",\"target\":[\"https:\\\/\\\/www.lum.it\\\/en\\\/indiana-university-maurer-school-of-law\\\/\"]}]},{\"@type\":\"BreadcrumbList\",\"@id\":\"https:\\\/\\\/www.lum.it\\\/en\\\/indiana-university-maurer-school-of-law\\\/#breadcrumb\",\"itemListElement\":[{\"@type\":\"ListItem\",\"position\":1,\"name\":\"LUM\",\"item\":\"https:\\\/\\\/www.lum.it\\\/en\\\/\"},{\"@type\":\"ListItem\",\"position\":2,\"name\":\"Indiana University &#8211; Maurer School of Law\"}]},{\"@type\":\"WebSite\",\"@id\":\"https:\\\/\\\/www.lum.it\\\/#website\",\"url\":\"https:\\\/\\\/www.lum.it\\\/\",\"name\":\"LUM Jean Monnet\",\"description\":\"\",\"publisher\":{\"@id\":\"https:\\\/\\\/www.lum.it\\\/#organization\"},\"potentialAction\":[{\"@type\":\"SearchAction\",\"target\":{\"@type\":\"EntryPoint\",\"urlTemplate\":\"https:\\\/\\\/www.lum.it\\\/?s={search_term_string}\"},\"query-input\":{\"@type\":\"PropertyValueSpecification\",\"valueRequired\":true,\"valueName\":\"search_term_string\"}}],\"inLanguage\":\"en-US\"},{\"@type\":\"Organization\",\"@id\":\"https:\\\/\\\/www.lum.it\\\/#organization\",\"name\":\"LUM Jean Monnet\",\"url\":\"https:\\\/\\\/www.lum.it\\\/\",\"logo\":{\"@type\":\"ImageObject\",\"inLanguage\":\"en-US\",\"@id\":\"https:\\\/\\\/www.lum.it\\\/#\\\/schema\\\/logo\\\/image\\\/\",\"url\":\"https:\\\/\\\/www.lum.it\\\/wp-content\\\/uploads\\\/2020\\\/02\\\/logo_color.png\",\"contentUrl\":\"https:\\\/\\\/www.lum.it\\\/wp-content\\\/uploads\\\/2020\\\/02\\\/logo_color.png\",\"width\":403,\"height\":93,\"caption\":\"LUM Jean Monnet\"},\"image\":{\"@id\":\"https:\\\/\\\/www.lum.it\\\/#\\\/schema\\\/logo\\\/image\\\/\"},\"sameAs\":[\"https:\\\/\\\/www.facebook.com\\\/uni.lumjm\\\/\"]}]}<\/script>\n<!-- \/ Yoast SEO Premium plugin. -->","yoast_head_json":{"title":"Indiana University - Maurer School of Law - LUM","robots":{"index":"index","follow":"follow","max-snippet":"max-snippet:-1","max-image-preview":"max-image-preview:large","max-video-preview":"max-video-preview:-1"},"canonical":"https:\/\/www.lum.it\/en\/indiana-university-maurer-school-of-law\/","og_locale":"en_US","og_type":"article","og_title":"Indiana University - Maurer School of Law","og_description":"[vc_row][vc_column][vc_empty_space][\/vc_column][\/vc_row][vc_row][vc_column][vc_column_text] Possono partecipare al programma 4+1 gli studenti e le studentesse dell&#8217;Universit\u00e0 LUM iscritti\/e almeno al IV anno (V al momento della partenza) del corso di Laurea magistrale a ciclo unico in Giurisprudenza. L\u2019accordo stipulato con l&#8217;Indiana University prevede la possibilit\u00e0 per gli\/le studenti\/esse LUM di conseguire, al termine di due semestri di mobilit\u00e0 presso [&hellip;]","og_url":"https:\/\/www.lum.it\/en\/indiana-university-maurer-school-of-law\/","og_site_name":"LUM","article_publisher":"https:\/\/www.facebook.com\/uni.lumjm\/","article_modified_time":"2023-11-02T12:17:38+00:00","twitter_card":"summary_large_image","twitter_misc":{"Est. reading time":"3 minutes"},"schema":{"@context":"https:\/\/schema.org","@graph":[{"@type":"WebPage","@id":"https:\/\/www.lum.it\/en\/indiana-university-maurer-school-of-law\/","url":"https:\/\/www.lum.it\/en\/indiana-university-maurer-school-of-law\/","name":"Indiana University - Maurer School of Law - LUM","isPartOf":{"@id":"https:\/\/www.lum.it\/#website"},"datePublished":"2021-06-26T15:36:35+00:00","dateModified":"2023-11-02T12:17:38+00:00","breadcrumb":{"@id":"https:\/\/www.lum.it\/en\/indiana-university-maurer-school-of-law\/#breadcrumb"},"inLanguage":"en-US","potentialAction":[{"@type":"ReadAction","target":["https:\/\/www.lum.it\/en\/indiana-university-maurer-school-of-law\/"]}]},{"@type":"BreadcrumbList","@id":"https:\/\/www.lum.it\/en\/indiana-university-maurer-school-of-law\/#breadcrumb","itemListElement":[{"@type":"ListItem","position":1,"name":"LUM","item":"https:\/\/www.lum.it\/en\/"},{"@type":"ListItem","position":2,"name":"Indiana University &#8211; Maurer School of Law"}]},{"@type":"WebSite","@id":"https:\/\/www.lum.it\/#website","url":"https:\/\/www.lum.it\/","name":"LUM Jean Monnet","description":"","publisher":{"@id":"https:\/\/www.lum.it\/#organization"},"potentialAction":[{"@type":"SearchAction","target":{"@type":"EntryPoint","urlTemplate":"https:\/\/www.lum.it\/?s={search_term_string}"},"query-input":{"@type":"PropertyValueSpecification","valueRequired":true,"valueName":"search_term_string"}}],"inLanguage":"en-US"},{"@type":"Organization","@id":"https:\/\/www.lum.it\/#organization","name":"LUM Jean Monnet","url":"https:\/\/www.lum.it\/","logo":{"@type":"ImageObject","inLanguage":"en-US","@id":"https:\/\/www.lum.it\/#\/schema\/logo\/image\/","url":"https:\/\/www.lum.it\/wp-content\/uploads\/2020\/02\/logo_color.png","contentUrl":"https:\/\/www.lum.it\/wp-content\/uploads\/2020\/02\/logo_color.png","width":403,"height":93,"caption":"LUM Jean Monnet"},"image":{"@id":"https:\/\/www.lum.it\/#\/schema\/logo\/image\/"},"sameAs":["https:\/\/www.facebook.com\/uni.lumjm\/"]}]}},"_links":{"self":[{"href":"https:\/\/www.lum.it\/en\/wp-json\/wp\/v2\/pages\/24207","targetHints":{"allow":["GET"]}}],"collection":[{"href":"https:\/\/www.lum.it\/en\/wp-json\/wp\/v2\/pages"}],"about":[{"href":"https:\/\/www.lum.it\/en\/wp-json\/wp\/v2\/types\/page"}],"author":[{"embeddable":true,"href":"https:\/\/www.lum.it\/en\/wp-json\/wp\/v2\/users\/6"}],"replies":[{"embeddable":true,"href":"https:\/\/www.lum.it\/en\/wp-json\/wp\/v2\/comments?post=24207"}],"version-history":[{"count":14,"href":"https:\/\/www.lum.it\/en\/wp-json\/wp\/v2\/pages\/24207\/revisions"}],"predecessor-version":[{"id":44399,"href":"https:\/\/www.lum.it\/en\/wp-json\/wp\/v2\/pages\/24207\/revisions\/44399"}],"wp:attachment":[{"href":"https:\/\/www.lum.it\/en\/wp-json\/wp\/v2\/media?parent=24207"}],"curies":[{"name":"wp","href":"https:\/\/api.w.org\/{rel}","templated":true}]}}