{"id":17814,"date":"2020-03-27T10:39:33","date_gmt":"2020-03-27T09:39:33","guid":{"rendered":"https:\/\/www.lum.it\/finanziamenti\/"},"modified":"2020-12-14T16:18:25","modified_gmt":"2020-12-14T15:18:25","slug":"grants","status":"publish","type":"page","link":"https:\/\/www.lum.it\/en\/grants\/","title":{"rendered":"Grants"},"content":{"rendered":"<p><strong>L&#8217;Universit\u00e0 LUM<\/strong> supporta il finanziamento degli studi universitari attraverso accordi con <strong><em>BNL Gruppo BNP Paribas,<\/em><\/strong><strong> Deutsche Bank, Banca Intesa Sanpaolo.<\/strong><!--more--><\/p>\n<p><strong>Coniugare le proprie ambizioni di lavoro e carriera con la necessit\u00e0 di sostenere la propria formazione \u00e8 una sfida che riguarda molti studenti.<\/strong><\/p>\n<p style=\"font-weight: 400;\"><strong><em>\u201cUniversit\u00e0 LUM e BNL Gruppo BNP Paribas insieme per il tuo futuro. <\/em><\/strong><em>Per proseguire il\u00a0<strong>percorso di studi universitari post lauream<\/strong>, l\u2019<strong>Erasmus<\/strong>, il\u00a0<strong>Master\u00a0<\/strong>e il<strong>\u00a0PhD\u00a0<\/strong>con maggiore serenit\u00e0, gli studenti della\u00a0<strong>Universit\u00e0 LUM\u00a0<\/strong>possono richiedere un prestito dedicato da\u00a0<strong>BNL Gruppo BNP Paribas,\u00a0<\/strong>agli\u00a0<strong>studenti<\/strong>\u00a0e alle\u00a0<strong>famiglie<\/strong>\u00a0<strong>per sostenere l\u2019investimento nell\u2019alta formazione e nel futuro<\/strong>.<\/em><\/p>\n<p>\u00c8 attiva una <em><strong><a href=\"https:\/\/www.lum.it\/wp-content\/uploads\/2020\/05\/Campagne-LUM.pdf\">convenzione<\/a><\/strong><\/em> sottoscritta tra <strong>Universit\u00e0 LUM<\/strong> e <strong>Deutsche Bank<\/strong> con cui \u00e8 possibile finanziare l\u2019intero importo della retta annuale. Per le condizioni contrattuali si rimanda ai rispettivi documenti informativi disponibili ai recapiti indicati. La concessione del finanziamento \u00e8 soggetta a valutazione dei requisiti di merito richiesti ed all\u2019approvazione da parte dell\u2019istituto erogante.<\/p>\n<p><em>\u201cper Merito\u201d<\/em>\u00a0\u00e8 un prestito che <strong>ogni studente residente in Italia pu\u00f2 ottenere alla sola condizione di essere in regola con gli stud\u00ee<\/strong>. L\u2019offerta \u00e8 differenziata per gli studenti \u201cin sede\u201d o \u201cfuori sede\u201d e non richiede alcuna garanzia.\u00a0<em>\u201cper Merito\u201d<\/em>\u00a0consente di\u00a0<strong>far fronte alla retta universitaria, alle spese per l\u2019alloggio<\/strong>\u00a0e tutto quanto necessario ad affrontare con tranquillit\u00e0 il proprio percorso formativo post lauream. E gli studenti non hanno alcun obbligo di rendicontare queste spese.<\/p>\n<p><br><\/p>\n<p><br><\/p>\n<p><br><\/p>\n","protected":false},"excerpt":{"rendered":"<p>L&#8217;Universit\u00e0 LUM supporta il finanziamento degli studi universitari attraverso accordi con BNL Gruppo BNP Paribas, Deutsche Bank, Banca Intesa Sanpaolo.<\/p>\n","protected":false},"author":6,"featured_media":14286,"parent":0,"menu_order":406,"comment_status":"closed","ping_status":"closed","template":"template-pagina-con-tabs.php","meta":{"_acf_changed":false,"footnotes":""},"class_list":["post-17814","page","type-page","status-publish","has-post-thumbnail","hentry"],"acf":[],"yoast_head":"<!-- This site is optimized with the Yoast SEO Premium plugin v22.9 (Yoast SEO v27.4) - https:\/\/yoast.com\/product\/yoast-seo-premium-wordpress\/ -->\n<title>LUM - Finanziamento degli studi: prestiti e convenzioni<\/title>\n<meta name=\"description\" content=\"LUM finanzia i tuoi studi universitari attraverso convenzioni bancarie e prestiti senza garanzie che potrai restituire a partire da 24 mesi dopo la laurea.\" \/>\n<meta name=\"robots\" content=\"index, follow, max-snippet:-1, max-image-preview:large, max-video-preview:-1\" \/>\n<link rel=\"canonical\" href=\"https:\/\/www.lum.it\/en\/grants\/\" \/>\n<meta property=\"og:locale\" content=\"en_US\" \/>\n<meta property=\"og:type\" content=\"article\" \/>\n<meta property=\"og:title\" content=\"Grants\" \/>\n<meta property=\"og:description\" content=\"LUM finanzia i tuoi studi universitari attraverso convenzioni bancarie e prestiti senza garanzie che potrai restituire a partire da 24 mesi dopo la laurea.\" \/>\n<meta property=\"og:url\" content=\"https:\/\/www.lum.it\/en\/grants\/\" \/>\n<meta property=\"og:site_name\" content=\"LUM\" \/>\n<meta property=\"article:publisher\" content=\"https:\/\/www.facebook.com\/uni.lumjm\/\" \/>\n<meta property=\"article:modified_time\" content=\"2020-12-14T15:18:25+00:00\" \/>\n<meta property=\"og:image\" content=\"https:\/\/www.lum.it\/wp-content\/uploads\/2020\/07\/finanziamenti.jpeg\" \/>\n\t<meta property=\"og:image:width\" content=\"1600\" \/>\n\t<meta property=\"og:image:height\" content=\"550\" \/>\n\t<meta property=\"og:image:type\" content=\"image\/jpeg\" \/>\n<meta name=\"twitter:card\" content=\"summary_large_image\" \/>\n<meta name=\"twitter:label1\" content=\"Est. reading time\" \/>\n\t<meta name=\"twitter:data1\" content=\"1 minute\" \/>\n<script type=\"application\/ld+json\" class=\"yoast-schema-graph\">{\"@context\":\"https:\\\/\\\/schema.org\",\"@graph\":[{\"@type\":\"WebPage\",\"@id\":\"https:\\\/\\\/www.lum.it\\\/en\\\/grants\\\/\",\"url\":\"https:\\\/\\\/www.lum.it\\\/en\\\/grants\\\/\",\"name\":\"LUM - Finanziamento degli studi: prestiti e convenzioni\",\"isPartOf\":{\"@id\":\"https:\\\/\\\/www.lum.it\\\/#website\"},\"primaryImageOfPage\":{\"@id\":\"https:\\\/\\\/www.lum.it\\\/en\\\/grants\\\/#primaryimage\"},\"image\":{\"@id\":\"https:\\\/\\\/www.lum.it\\\/en\\\/grants\\\/#primaryimage\"},\"thumbnailUrl\":\"https:\\\/\\\/www.lum.it\\\/wp-content\\\/uploads\\\/2020\\\/07\\\/finanziamenti.jpeg\",\"datePublished\":\"2020-03-27T09:39:33+00:00\",\"dateModified\":\"2020-12-14T15:18:25+00:00\",\"description\":\"LUM finanzia i tuoi studi universitari attraverso convenzioni bancarie e prestiti senza garanzie che potrai restituire a partire da 24 mesi dopo la laurea.\",\"breadcrumb\":{\"@id\":\"https:\\\/\\\/www.lum.it\\\/en\\\/grants\\\/#breadcrumb\"},\"inLanguage\":\"en-US\",\"potentialAction\":[{\"@type\":\"ReadAction\",\"target\":[\"https:\\\/\\\/www.lum.it\\\/en\\\/grants\\\/\"]}]},{\"@type\":\"ImageObject\",\"inLanguage\":\"en-US\",\"@id\":\"https:\\\/\\\/www.lum.it\\\/en\\\/grants\\\/#primaryimage\",\"url\":\"https:\\\/\\\/www.lum.it\\\/wp-content\\\/uploads\\\/2020\\\/07\\\/finanziamenti.jpeg\",\"contentUrl\":\"https:\\\/\\\/www.lum.it\\\/wp-content\\\/uploads\\\/2020\\\/07\\\/finanziamenti.jpeg\",\"width\":1600,\"height\":550,\"caption\":\"LUM finanziamento prestiti convenzioni\"},{\"@type\":\"BreadcrumbList\",\"@id\":\"https:\\\/\\\/www.lum.it\\\/en\\\/grants\\\/#breadcrumb\",\"itemListElement\":[{\"@type\":\"ListItem\",\"position\":1,\"name\":\"LUM\",\"item\":\"https:\\\/\\\/www.lum.it\\\/en\\\/\"},{\"@type\":\"ListItem\",\"position\":2,\"name\":\"Grants\"}]},{\"@type\":\"WebSite\",\"@id\":\"https:\\\/\\\/www.lum.it\\\/#website\",\"url\":\"https:\\\/\\\/www.lum.it\\\/\",\"name\":\"LUM Jean Monnet\",\"description\":\"\",\"publisher\":{\"@id\":\"https:\\\/\\\/www.lum.it\\\/#organization\"},\"potentialAction\":[{\"@type\":\"SearchAction\",\"target\":{\"@type\":\"EntryPoint\",\"urlTemplate\":\"https:\\\/\\\/www.lum.it\\\/?s={search_term_string}\"},\"query-input\":{\"@type\":\"PropertyValueSpecification\",\"valueRequired\":true,\"valueName\":\"search_term_string\"}}],\"inLanguage\":\"en-US\"},{\"@type\":\"Organization\",\"@id\":\"https:\\\/\\\/www.lum.it\\\/#organization\",\"name\":\"LUM Jean Monnet\",\"url\":\"https:\\\/\\\/www.lum.it\\\/\",\"logo\":{\"@type\":\"ImageObject\",\"inLanguage\":\"en-US\",\"@id\":\"https:\\\/\\\/www.lum.it\\\/#\\\/schema\\\/logo\\\/image\\\/\",\"url\":\"https:\\\/\\\/www.lum.it\\\/wp-content\\\/uploads\\\/2020\\\/02\\\/logo_color.png\",\"contentUrl\":\"https:\\\/\\\/www.lum.it\\\/wp-content\\\/uploads\\\/2020\\\/02\\\/logo_color.png\",\"width\":403,\"height\":93,\"caption\":\"LUM Jean Monnet\"},\"image\":{\"@id\":\"https:\\\/\\\/www.lum.it\\\/#\\\/schema\\\/logo\\\/image\\\/\"},\"sameAs\":[\"https:\\\/\\\/www.facebook.com\\\/uni.lumjm\\\/\"]}]}<\/script>\n<!-- \/ Yoast SEO Premium plugin. -->","yoast_head_json":{"title":"LUM - Finanziamento degli studi: prestiti e convenzioni","description":"LUM finanzia i tuoi studi universitari attraverso convenzioni bancarie e prestiti senza garanzie che potrai restituire a partire da 24 mesi dopo la laurea.","robots":{"index":"index","follow":"follow","max-snippet":"max-snippet:-1","max-image-preview":"max-image-preview:large","max-video-preview":"max-video-preview:-1"},"canonical":"https:\/\/www.lum.it\/en\/grants\/","og_locale":"en_US","og_type":"article","og_title":"Grants","og_description":"LUM finanzia i tuoi studi universitari attraverso convenzioni bancarie e prestiti senza garanzie che potrai restituire a partire da 24 mesi dopo la laurea.","og_url":"https:\/\/www.lum.it\/en\/grants\/","og_site_name":"LUM","article_publisher":"https:\/\/www.facebook.com\/uni.lumjm\/","article_modified_time":"2020-12-14T15:18:25+00:00","og_image":[{"width":1600,"height":550,"url":"https:\/\/www.lum.it\/wp-content\/uploads\/2020\/07\/finanziamenti.jpeg","type":"image\/jpeg"}],"twitter_card":"summary_large_image","twitter_misc":{"Est. reading time":"1 minute"},"schema":{"@context":"https:\/\/schema.org","@graph":[{"@type":"WebPage","@id":"https:\/\/www.lum.it\/en\/grants\/","url":"https:\/\/www.lum.it\/en\/grants\/","name":"LUM - Finanziamento degli studi: prestiti e convenzioni","isPartOf":{"@id":"https:\/\/www.lum.it\/#website"},"primaryImageOfPage":{"@id":"https:\/\/www.lum.it\/en\/grants\/#primaryimage"},"image":{"@id":"https:\/\/www.lum.it\/en\/grants\/#primaryimage"},"thumbnailUrl":"https:\/\/www.lum.it\/wp-content\/uploads\/2020\/07\/finanziamenti.jpeg","datePublished":"2020-03-27T09:39:33+00:00","dateModified":"2020-12-14T15:18:25+00:00","description":"LUM finanzia i tuoi studi universitari attraverso convenzioni bancarie e prestiti senza garanzie che potrai restituire a partire da 24 mesi dopo la laurea.","breadcrumb":{"@id":"https:\/\/www.lum.it\/en\/grants\/#breadcrumb"},"inLanguage":"en-US","potentialAction":[{"@type":"ReadAction","target":["https:\/\/www.lum.it\/en\/grants\/"]}]},{"@type":"ImageObject","inLanguage":"en-US","@id":"https:\/\/www.lum.it\/en\/grants\/#primaryimage","url":"https:\/\/www.lum.it\/wp-content\/uploads\/2020\/07\/finanziamenti.jpeg","contentUrl":"https:\/\/www.lum.it\/wp-content\/uploads\/2020\/07\/finanziamenti.jpeg","width":1600,"height":550,"caption":"LUM finanziamento prestiti convenzioni"},{"@type":"BreadcrumbList","@id":"https:\/\/www.lum.it\/en\/grants\/#breadcrumb","itemListElement":[{"@type":"ListItem","position":1,"name":"LUM","item":"https:\/\/www.lum.it\/en\/"},{"@type":"ListItem","position":2,"name":"Grants"}]},{"@type":"WebSite","@id":"https:\/\/www.lum.it\/#website","url":"https:\/\/www.lum.it\/","name":"LUM Jean Monnet","description":"","publisher":{"@id":"https:\/\/www.lum.it\/#organization"},"potentialAction":[{"@type":"SearchAction","target":{"@type":"EntryPoint","urlTemplate":"https:\/\/www.lum.it\/?s={search_term_string}"},"query-input":{"@type":"PropertyValueSpecification","valueRequired":true,"valueName":"search_term_string"}}],"inLanguage":"en-US"},{"@type":"Organization","@id":"https:\/\/www.lum.it\/#organization","name":"LUM Jean Monnet","url":"https:\/\/www.lum.it\/","logo":{"@type":"ImageObject","inLanguage":"en-US","@id":"https:\/\/www.lum.it\/#\/schema\/logo\/image\/","url":"https:\/\/www.lum.it\/wp-content\/uploads\/2020\/02\/logo_color.png","contentUrl":"https:\/\/www.lum.it\/wp-content\/uploads\/2020\/02\/logo_color.png","width":403,"height":93,"caption":"LUM Jean Monnet"},"image":{"@id":"https:\/\/www.lum.it\/#\/schema\/logo\/image\/"},"sameAs":["https:\/\/www.facebook.com\/uni.lumjm\/"]}]}},"_links":{"self":[{"href":"https:\/\/www.lum.it\/en\/wp-json\/wp\/v2\/pages\/17814","targetHints":{"allow":["GET"]}}],"collection":[{"href":"https:\/\/www.lum.it\/en\/wp-json\/wp\/v2\/pages"}],"about":[{"href":"https:\/\/www.lum.it\/en\/wp-json\/wp\/v2\/types\/page"}],"author":[{"embeddable":true,"href":"https:\/\/www.lum.it\/en\/wp-json\/wp\/v2\/users\/6"}],"replies":[{"embeddable":true,"href":"https:\/\/www.lum.it\/en\/wp-json\/wp\/v2\/comments?post=17814"}],"version-history":[{"count":2,"href":"https:\/\/www.lum.it\/en\/wp-json\/wp\/v2\/pages\/17814\/revisions"}],"predecessor-version":[{"id":17817,"href":"https:\/\/www.lum.it\/en\/wp-json\/wp\/v2\/pages\/17814\/revisions\/17817"}],"wp:featuredmedia":[{"embeddable":true,"href":"https:\/\/www.lum.it\/en\/wp-json\/wp\/v2\/media\/14286"}],"wp:attachment":[{"href":"https:\/\/www.lum.it\/en\/wp-json\/wp\/v2\/media?parent=17814"}],"curies":[{"name":"wp","href":"https:\/\/api.w.org\/{rel}","templated":true}]}}